{"id":296,"date":"2026-03-31T11:43:38","date_gmt":"2026-03-31T11:43:38","guid":{"rendered":"https:\/\/manganoumi22.fr\/?page_id=296"},"modified":"2026-03-31T12:42:08","modified_gmt":"2026-03-31T12:42:08","slug":"figurines-pokemon","status":"publish","type":"page","link":"https:\/\/manganoumi22.fr\/index.php\/univers-de-pokemon\/figurines-pokemon\/","title":{"rendered":"FIGURINES POK\u00c9MON"},"content":{"rendered":"\n<div class=\"wp-block-cover alignfull\" style=\"margin-bottom:var(--wp--preset--spacing--70);min-height:575px;aspect-ratio:unset;\"><img decoding=\"async\" class=\"wp-block-cover__image-background wp-image-647 size-full\" alt=\"\" src=\"http:\/\/manganoumi22.fr\/wp-content\/uploads\/2026\/03\/IMG_3265-3.jpg\" style=\"object-position:50% 68%\" data-object-fit=\"cover\" data-object-position=\"50% 68%\"\/><span aria-hidden=\"true\" class=\"wp-block-cover__background has-background-dim-40 has-background-dim\" style=\"background-color:#000000\"><\/span><div class=\"wp-block-cover__inner-container is-layout-flow wp-block-cover-is-layout-flow\">\n<h2 class=\"wp-block-heading has-text-align-center alignwide has-white-color has-text-color\" style=\"font-size:5.8em;line-height:1.1\">FIGURINES POK\u00c9MON<\/h2>\n\n\n\n<div class=\"wp-block-columns alignwide is-layout-flex wp-container-core-columns-is-layout-28f84493 wp-block-columns-is-layout-flex\">\n<div class=\"wp-block-column is-layout-flow wp-block-column-is-layout-flow\" style=\"flex-basis:60%\"><\/div>\n<\/div>\n\n\n\n<p class=\"has-text-align-center has-text-color\" style=\"color:#ffffff;font-size:1.5em\">D\u00e9couvrez dans cette page l\u2019univers Pok\u00e9mon \u00e0 travers des figurines exceptionnelles. Collectionneur, passionn\u00e9 ou simple amateur de l\u2019univers, vous y trouverez votre bonheur \u00e0 coup s\u00fbr ! Chaque produit est s\u00e9lectionn\u00e9 avec soin pour sa qualit\u00e9, ses d\u00e9tails et sa fid\u00e9lit\u00e9 au design embl\u00e9matique de Pok\u00e9mon.<\/p>\n<\/div><\/div>\n\n\n\n<h2 class=\"wp-block-heading\">NOS FIGURINES POK\u00c9MON<\/h2>\n\n\n\n<div class=\"wp-block-columns is-layout-flex wp-container-core-columns-is-layout-58cf44a6 wp-block-columns-is-layout-flex\" style=\"padding-top:var(--wp--preset--spacing--70);padding-bottom:var(--wp--preset--spacing--70)\">\n<div class=\"wp-block-column is-layout-flow wp-block-column-is-layout-flow\">\n<figure class=\"wp-block-gallery has-nested-images columns-default is-cropped wp-block-gallery-1 is-layout-flex wp-block-gallery-is-layout-flex\">\n<figure class=\"wp-block-image size-full\"><img loading=\"lazy\" decoding=\"async\" width=\"252\" height=\"345\" data-id=\"298\" src=\"https:\/\/manganoumi22.fr\/wp-content\/uploads\/2026\/03\/Dreamy-moonlit-night-1.jpg\" alt=\"\" class=\"wp-image-298\" srcset=\"https:\/\/manganoumi22.fr\/wp-content\/uploads\/2026\/03\/Dreamy-moonlit-night-1.jpg 252w, https:\/\/manganoumi22.fr\/wp-content\/uploads\/2026\/03\/Dreamy-moonlit-night-1-219x300.jpg 219w\" sizes=\"auto, (max-width: 252px) 100vw, 252px\" \/><\/figure>\n<\/figure>\n\n\n\n<div class=\"wp-block-group is-layout-constrained wp-block-group-is-layout-constrained\" style=\"margin-top:0;margin-bottom:0\">\n<h2 class=\"wp-block-heading has-text-align-center has-ast-global-color-8-color has-text-color has-link-color wp-elements-0573824a75642ce1c6395ec0c52ce417\" style=\"margin-top:var(--wp--preset--spacing--50);margin-right:0;margin-bottom:0;margin-left:0;font-size:2em\">DREAMY MOONLIGHT<\/h2>\n\n\n\n<p class=\"has-text-align-center has-ast-global-color-8-color has-text-color has-link-color wp-elements-d131dabed299a71e9de2a066bfe9de5e\" style=\"margin-top:0;margin-bottom:0;font-size:1.5em\"><strong>18\u20ac<\/strong><\/p>\n<\/div>\n<\/div>\n\n\n\n<div class=\"wp-block-column is-layout-flow wp-block-column-is-layout-flow\">\n<figure class=\"wp-block-gallery has-nested-images columns-default is-cropped wp-block-gallery-2 is-layout-flex wp-block-gallery-is-layout-flex\">\n<figure class=\"wp-block-image size-full\"><img loading=\"lazy\" decoding=\"async\" width=\"252\" height=\"345\" data-id=\"299\" src=\"https:\/\/manganoumi22.fr\/wp-content\/uploads\/2026\/03\/lantern-diorama.jpg\" alt=\"\" class=\"wp-image-299\" srcset=\"https:\/\/manganoumi22.fr\/wp-content\/uploads\/2026\/03\/lantern-diorama.jpg 252w, https:\/\/manganoumi22.fr\/wp-content\/uploads\/2026\/03\/lantern-diorama-219x300.jpg 219w\" sizes=\"auto, (max-width: 252px) 100vw, 252px\" \/><\/figure>\n<\/figure>\n\n\n\n<div class=\"wp-block-group is-layout-constrained wp-block-group-is-layout-constrained\" style=\"margin-top:0;margin-bottom:0\">\n<h2 class=\"wp-block-heading has-text-align-center has-ast-global-color-8-color has-text-color has-link-color wp-elements-426130c01324d0fb99b69153ad6224a2\" style=\"margin-top:var(--wp--preset--spacing--50);margin-right:0;margin-bottom:0;margin-left:0;font-size:2em\">LANTERN DIORAMA<\/h2>\n\n\n\n<p class=\"has-text-align-center has-ast-global-color-8-color has-text-color has-link-color wp-elements-d131dabed299a71e9de2a066bfe9de5e\" style=\"margin-top:0;margin-bottom:0;font-size:1.5em\"><strong>18\u20ac<\/strong><\/p>\n<\/div>\n<\/div>\n\n\n\n<div class=\"wp-block-column is-layout-flow wp-block-column-is-layout-flow\">\n<figure class=\"wp-block-gallery has-nested-images columns-default is-cropped wp-block-gallery-3 is-layout-flex wp-block-gallery-is-layout-flex\">\n<figure class=\"wp-block-image size-full\"><img loading=\"lazy\" decoding=\"async\" width=\"252\" height=\"345\" data-id=\"300\" src=\"https:\/\/manganoumi22.fr\/wp-content\/uploads\/2026\/03\/swing-vignette-collection-2.jpg\" alt=\"\" class=\"wp-image-300\" srcset=\"https:\/\/manganoumi22.fr\/wp-content\/uploads\/2026\/03\/swing-vignette-collection-2.jpg 252w, https:\/\/manganoumi22.fr\/wp-content\/uploads\/2026\/03\/swing-vignette-collection-2-219x300.jpg 219w\" sizes=\"auto, (max-width: 252px) 100vw, 252px\" \/><\/figure>\n<\/figure>\n\n\n\n<div class=\"wp-block-group is-layout-constrained wp-block-group-is-layout-constrained\" style=\"margin-top:0;margin-bottom:0\">\n<h2 class=\"wp-block-heading has-text-align-center has-ast-global-color-8-color has-text-color has-link-color wp-elements-56ddfc228a71f04cb6766edc50eb37f1\" style=\"margin-top:var(--wp--preset--spacing--50);margin-right:0;margin-bottom:0;margin-left:0;font-size:2em\">SWING VIGNETTE COLLECTION 2<\/h2>\n\n\n\n<p class=\"has-text-align-center has-ast-global-color-8-color has-text-color has-link-color wp-elements-d131dabed299a71e9de2a066bfe9de5e\" style=\"margin-top:0;margin-bottom:0;font-size:1.5em\"><strong>18\u20ac<\/strong><\/p>\n<\/div>\n<\/div>\n\n\n\n<div class=\"wp-block-column is-layout-flow wp-block-column-is-layout-flow\">\n<figure class=\"wp-block-gallery has-nested-images columns-default is-cropped wp-block-gallery-4 is-layout-flex wp-block-gallery-is-layout-flex\">\n<figure class=\"wp-block-image size-full has-custom-border\"><img loading=\"lazy\" decoding=\"async\" width=\"252\" height=\"345\" data-id=\"301\" src=\"https:\/\/manganoumi22.fr\/wp-content\/uploads\/2026\/03\/swing-vignette-collection-4.jpg\" alt=\"\" class=\"wp-image-301\" style=\"border-top-left-radius:5px;border-top-right-radius:5px;border-bottom-left-radius:5px;border-bottom-right-radius:5px\" srcset=\"https:\/\/manganoumi22.fr\/wp-content\/uploads\/2026\/03\/swing-vignette-collection-4.jpg 252w, https:\/\/manganoumi22.fr\/wp-content\/uploads\/2026\/03\/swing-vignette-collection-4-219x300.jpg 219w\" sizes=\"auto, (max-width: 252px) 100vw, 252px\" \/><\/figure>\n<\/figure>\n\n\n\n<div class=\"wp-block-group is-layout-constrained wp-block-group-is-layout-constrained\" style=\"margin-top:0;margin-bottom:0\">\n<h2 class=\"wp-block-heading has-text-align-center has-ast-global-color-8-color has-text-color has-link-color wp-elements-7c7c0149540e98edd1ca07e1dcd511ee\" style=\"margin-top:var(--wp--preset--spacing--50);margin-right:0;margin-bottom:0;margin-left:0;font-size:2em\">SWING VIGNETTE COLLECTION 4<\/h2>\n\n\n\n<p class=\"has-text-align-center has-ast-global-color-8-color has-text-color has-link-color wp-elements-d131dabed299a71e9de2a066bfe9de5e\" style=\"margin-top:0;margin-bottom:0;font-size:1.5em\"><strong>18\u20ac<\/strong><\/p>\n<\/div>\n<\/div>\n<\/div>\n\n\n\n<p><\/p>\n","protected":false},"excerpt":{"rendered":"<p>NOS FIGURINES POK\u00c9MON DREAMY MOONLIGHT 18\u20ac LANTERN DIORAMA 18\u20ac SWING VIGNETTE COLLECTION 2 18\u20ac SWING VIGNETTE COLLECTION 4 18\u20ac<\/p>\n","protected":false},"author":1,"featured_media":0,"parent":161,"menu_order":0,"comment_status":"closed","ping_status":"closed","template":"","meta":{"site-sidebar-layout":"default","site-content-layout":"","ast-site-content-layout":"default","site-content-style":"default","site-sidebar-style":"default","ast-global-header-display":"","ast-banner-title-visibility":"","ast-main-header-display":"","ast-hfb-above-header-display":"","ast-hfb-below-header-display":"","ast-hfb-mobile-header-display":"","site-post-title":"disabled","ast-breadcrumbs-content":"","ast-featured-img":"","footer-sml-layout":"","ast-disable-related-posts":"","theme-transparent-header-meta":"","adv-header-id-meta":"","stick-header-meta":"","header-above-stick-meta":"","header-main-stick-meta":"","header-below-stick-meta":"","astra-migrate-meta-layouts":"default","ast-page-background-enabled":"default","ast-page-background-meta":{"desktop":{"background-color":"var(--ast-global-color-5)","background-image":"","background-repeat":"repeat","background-position":"center center","background-size":"auto","background-attachment":"scroll","background-type":"","background-media":"","overlay-type":"","overlay-color":"","overlay-opacity":"","overlay-gradient":""},"tablet":{"background-color":"","background-image":"","background-repeat":"repeat","background-position":"center center","background-size":"auto","background-attachment":"scroll","background-type":"","background-media":"","overlay-type":"","overlay-color":"","overlay-opacity":"","overlay-gradient":""},"mobile":{"background-color":"","background-image":"","background-repeat":"repeat","background-position":"center center","background-size":"auto","background-attachment":"scroll","background-type":"","background-media":"","overlay-type":"","overlay-color":"","overlay-opacity":"","overlay-gradient":""}},"ast-content-background-meta":{"desktop":{"background-color":"var(--ast-global-color-4)","background-image":"","background-repeat":"repeat","background-position":"center center","background-size":"auto","background-attachment":"scroll","background-type":"","background-media":"","overlay-type":"","overlay-color":"","overlay-opacity":"","overlay-gradient":""},"tablet":{"background-color":"var(--ast-global-color-4)","background-image":"","background-repeat":"repeat","background-position":"center center","background-size":"auto","background-attachment":"scroll","background-type":"","background-media":"","overlay-type":"","overlay-color":"","overlay-opacity":"","overlay-gradient":""},"mobile":{"background-color":"var(--ast-global-color-4)","background-image":"","background-repeat":"repeat","background-position":"center center","background-size":"auto","background-attachment":"scroll","background-type":"","background-media":"","overlay-type":"","overlay-color":"","overlay-opacity":"","overlay-gradient":""}},"footnotes":""},"class_list":["post-296","page","type-page","status-publish","hentry"],"yoast_head":"<!-- This site is optimized with the Yoast SEO plugin v27.3 - https:\/\/yoast.com\/product\/yoast-seo-wordpress\/ -->\n<title>FIGURINES POK\u00c9MON - Manga no umi<\/title>\n<meta name=\"description\" content=\"D\u00e9couvrez dans cette page l\u2019univers Pok\u00e9mon \u00e0 travers des figurines exceptionnelles. Collectionneur, passionn\u00e9 ou simple amateur de l\u2019univers\" \/>\n<meta name=\"robots\" content=\"index, follow, max-snippet:-1, max-image-preview:large, max-video-preview:-1\" \/>\n<link rel=\"canonical\" href=\"http:\/\/manganoumi22.fr\/index.php\/univers-de-pokemon\/figurines-pokemon\/\" \/>\n<meta property=\"og:locale\" content=\"en_US\" \/>\n<meta property=\"og:type\" content=\"article\" \/>\n<meta property=\"og:title\" content=\"FIGURINES POK\u00c9MON - Manga no umi\" \/>\n<meta property=\"og:description\" content=\"D\u00e9couvrez dans cette page l\u2019univers Pok\u00e9mon \u00e0 travers des figurines exceptionnelles. Collectionneur, passionn\u00e9 ou simple amateur de l\u2019univers\" \/>\n<meta property=\"og:url\" content=\"http:\/\/manganoumi22.fr\/index.php\/univers-de-pokemon\/figurines-pokemon\/\" \/>\n<meta property=\"og:site_name\" content=\"Manga no umi\" \/>\n<meta property=\"article:modified_time\" content=\"2026-03-31T12:42:08+00:00\" \/>\n<meta property=\"og:image\" content=\"http:\/\/manganoumi22.fr\/wp-content\/uploads\/2026\/03\/IMG_3265-3.jpg\" \/>\n<meta name=\"twitter:card\" content=\"summary_large_image\" \/>\n<meta name=\"twitter:label1\" content=\"Est. reading time\" \/>\n\t<meta name=\"twitter:data1\" content=\"2 minutes\" \/>\n<script type=\"application\/ld+json\" class=\"yoast-schema-graph\">{\"@context\":\"https:\\\/\\\/schema.org\",\"@graph\":[{\"@type\":\"WebPage\",\"@id\":\"http:\\\/\\\/manganoumi22.fr\\\/index.php\\\/univers-de-pokemon\\\/figurines-pokemon\\\/\",\"url\":\"http:\\\/\\\/manganoumi22.fr\\\/index.php\\\/univers-de-pokemon\\\/figurines-pokemon\\\/\",\"name\":\"FIGURINES POK\u00c9MON - Manga no umi\",\"isPartOf\":{\"@id\":\"http:\\\/\\\/manganoumi22.fr\\\/#website\"},\"primaryImageOfPage\":{\"@id\":\"http:\\\/\\\/manganoumi22.fr\\\/index.php\\\/univers-de-pokemon\\\/figurines-pokemon\\\/#primaryimage\"},\"image\":{\"@id\":\"http:\\\/\\\/manganoumi22.fr\\\/index.php\\\/univers-de-pokemon\\\/figurines-pokemon\\\/#primaryimage\"},\"thumbnailUrl\":\"http:\\\/\\\/manganoumi22.fr\\\/wp-content\\\/uploads\\\/2026\\\/03\\\/IMG_3265-3.jpg\",\"datePublished\":\"2026-03-31T11:43:38+00:00\",\"dateModified\":\"2026-03-31T12:42:08+00:00\",\"description\":\"D\u00e9couvrez dans cette page l\u2019univers Pok\u00e9mon \u00e0 travers des figurines exceptionnelles. Collectionneur, passionn\u00e9 ou simple amateur de l\u2019univers\",\"breadcrumb\":{\"@id\":\"http:\\\/\\\/manganoumi22.fr\\\/index.php\\\/univers-de-pokemon\\\/figurines-pokemon\\\/#breadcrumb\"},\"inLanguage\":\"en-US\",\"potentialAction\":[{\"@type\":\"ReadAction\",\"target\":[\"http:\\\/\\\/manganoumi22.fr\\\/index.php\\\/univers-de-pokemon\\\/figurines-pokemon\\\/\"]}]},{\"@type\":\"ImageObject\",\"inLanguage\":\"en-US\",\"@id\":\"http:\\\/\\\/manganoumi22.fr\\\/index.php\\\/univers-de-pokemon\\\/figurines-pokemon\\\/#primaryimage\",\"url\":\"https:\\\/\\\/manganoumi22.fr\\\/wp-content\\\/uploads\\\/2026\\\/03\\\/IMG_3265-3.jpg\",\"contentUrl\":\"https:\\\/\\\/manganoumi22.fr\\\/wp-content\\\/uploads\\\/2026\\\/03\\\/IMG_3265-3.jpg\"},{\"@type\":\"BreadcrumbList\",\"@id\":\"http:\\\/\\\/manganoumi22.fr\\\/index.php\\\/univers-de-pokemon\\\/figurines-pokemon\\\/#breadcrumb\",\"itemListElement\":[{\"@type\":\"ListItem\",\"position\":1,\"name\":\"Home\",\"item\":\"http:\\\/\\\/manganoumi22.fr\\\/\"},{\"@type\":\"ListItem\",\"position\":2,\"name\":\"L&#8217;UNIVERS DE POK\u00c9MON\",\"item\":\"http:\\\/\\\/manganoumi22.fr\\\/index.php\\\/univers-de-pokemon\\\/\"},{\"@type\":\"ListItem\",\"position\":3,\"name\":\"FIGURINES POK\u00c9MON\"}]},{\"@type\":\"WebSite\",\"@id\":\"http:\\\/\\\/manganoumi22.fr\\\/#website\",\"url\":\"http:\\\/\\\/manganoumi22.fr\\\/\",\"name\":\"Manga no umi\",\"description\":\"Votre boutique manga et anim\u00e9 \u00e0 Lannion\",\"potentialAction\":[{\"@type\":\"SearchAction\",\"target\":{\"@type\":\"EntryPoint\",\"urlTemplate\":\"http:\\\/\\\/manganoumi22.fr\\\/?s={search_term_string}\"},\"query-input\":{\"@type\":\"PropertyValueSpecification\",\"valueRequired\":true,\"valueName\":\"search_term_string\"}}],\"inLanguage\":\"en-US\"}]}<\/script>\n<!-- \/ Yoast SEO plugin. -->","yoast_head_json":{"title":"FIGURINES POK\u00c9MON - Manga no umi","description":"D\u00e9couvrez dans cette page l\u2019univers Pok\u00e9mon \u00e0 travers des figurines exceptionnelles. Collectionneur, passionn\u00e9 ou simple amateur de l\u2019univers","robots":{"index":"index","follow":"follow","max-snippet":"max-snippet:-1","max-image-preview":"max-image-preview:large","max-video-preview":"max-video-preview:-1"},"canonical":"http:\/\/manganoumi22.fr\/index.php\/univers-de-pokemon\/figurines-pokemon\/","og_locale":"en_US","og_type":"article","og_title":"FIGURINES POK\u00c9MON - Manga no umi","og_description":"D\u00e9couvrez dans cette page l\u2019univers Pok\u00e9mon \u00e0 travers des figurines exceptionnelles. Collectionneur, passionn\u00e9 ou simple amateur de l\u2019univers","og_url":"http:\/\/manganoumi22.fr\/index.php\/univers-de-pokemon\/figurines-pokemon\/","og_site_name":"Manga no umi","article_modified_time":"2026-03-31T12:42:08+00:00","og_image":[{"url":"http:\/\/manganoumi22.fr\/wp-content\/uploads\/2026\/03\/IMG_3265-3.jpg","type":"","width":"","height":""}],"twitter_card":"summary_large_image","twitter_misc":{"Est. reading time":"2 minutes"},"schema":{"@context":"https:\/\/schema.org","@graph":[{"@type":"WebPage","@id":"http:\/\/manganoumi22.fr\/index.php\/univers-de-pokemon\/figurines-pokemon\/","url":"http:\/\/manganoumi22.fr\/index.php\/univers-de-pokemon\/figurines-pokemon\/","name":"FIGURINES POK\u00c9MON - Manga no umi","isPartOf":{"@id":"http:\/\/manganoumi22.fr\/#website"},"primaryImageOfPage":{"@id":"http:\/\/manganoumi22.fr\/index.php\/univers-de-pokemon\/figurines-pokemon\/#primaryimage"},"image":{"@id":"http:\/\/manganoumi22.fr\/index.php\/univers-de-pokemon\/figurines-pokemon\/#primaryimage"},"thumbnailUrl":"http:\/\/manganoumi22.fr\/wp-content\/uploads\/2026\/03\/IMG_3265-3.jpg","datePublished":"2026-03-31T11:43:38+00:00","dateModified":"2026-03-31T12:42:08+00:00","description":"D\u00e9couvrez dans cette page l\u2019univers Pok\u00e9mon \u00e0 travers des figurines exceptionnelles. Collectionneur, passionn\u00e9 ou simple amateur de l\u2019univers","breadcrumb":{"@id":"http:\/\/manganoumi22.fr\/index.php\/univers-de-pokemon\/figurines-pokemon\/#breadcrumb"},"inLanguage":"en-US","potentialAction":[{"@type":"ReadAction","target":["http:\/\/manganoumi22.fr\/index.php\/univers-de-pokemon\/figurines-pokemon\/"]}]},{"@type":"ImageObject","inLanguage":"en-US","@id":"http:\/\/manganoumi22.fr\/index.php\/univers-de-pokemon\/figurines-pokemon\/#primaryimage","url":"https:\/\/manganoumi22.fr\/wp-content\/uploads\/2026\/03\/IMG_3265-3.jpg","contentUrl":"https:\/\/manganoumi22.fr\/wp-content\/uploads\/2026\/03\/IMG_3265-3.jpg"},{"@type":"BreadcrumbList","@id":"http:\/\/manganoumi22.fr\/index.php\/univers-de-pokemon\/figurines-pokemon\/#breadcrumb","itemListElement":[{"@type":"ListItem","position":1,"name":"Home","item":"http:\/\/manganoumi22.fr\/"},{"@type":"ListItem","position":2,"name":"L&#8217;UNIVERS DE POK\u00c9MON","item":"http:\/\/manganoumi22.fr\/index.php\/univers-de-pokemon\/"},{"@type":"ListItem","position":3,"name":"FIGURINES POK\u00c9MON"}]},{"@type":"WebSite","@id":"http:\/\/manganoumi22.fr\/#website","url":"http:\/\/manganoumi22.fr\/","name":"Manga no umi","description":"Votre boutique manga et anim\u00e9 \u00e0 Lannion","potentialAction":[{"@type":"SearchAction","target":{"@type":"EntryPoint","urlTemplate":"http:\/\/manganoumi22.fr\/?s={search_term_string}"},"query-input":{"@type":"PropertyValueSpecification","valueRequired":true,"valueName":"search_term_string"}}],"inLanguage":"en-US"}]}},"_links":{"self":[{"href":"https:\/\/manganoumi22.fr\/index.php\/wp-json\/wp\/v2\/pages\/296","targetHints":{"allow":["GET"]}}],"collection":[{"href":"https:\/\/manganoumi22.fr\/index.php\/wp-json\/wp\/v2\/pages"}],"about":[{"href":"https:\/\/manganoumi22.fr\/index.php\/wp-json\/wp\/v2\/types\/page"}],"author":[{"embeddable":true,"href":"https:\/\/manganoumi22.fr\/index.php\/wp-json\/wp\/v2\/users\/1"}],"replies":[{"embeddable":true,"href":"https:\/\/manganoumi22.fr\/index.php\/wp-json\/wp\/v2\/comments?post=296"}],"version-history":[{"count":4,"href":"https:\/\/manganoumi22.fr\/index.php\/wp-json\/wp\/v2\/pages\/296\/revisions"}],"predecessor-version":[{"id":649,"href":"https:\/\/manganoumi22.fr\/index.php\/wp-json\/wp\/v2\/pages\/296\/revisions\/649"}],"up":[{"embeddable":true,"href":"https:\/\/manganoumi22.fr\/index.php\/wp-json\/wp\/v2\/pages\/161"}],"wp:attachment":[{"href":"https:\/\/manganoumi22.fr\/index.php\/wp-json\/wp\/v2\/media?parent=296"}],"curies":[{"name":"wp","href":"https:\/\/api.w.org\/{rel}","templated":true}]}}