{"id":3,"date":"2026-03-05T15:23:24","date_gmt":"2026-03-05T15:23:24","guid":{"rendered":"http:\/\/manganoumi22.fr\/?page_id=3"},"modified":"2026-04-04T14:21:43","modified_gmt":"2026-04-04T14:21:43","slug":"privacy-policy","status":"publish","type":"page","link":"https:\/\/manganoumi22.fr\/index.php\/privacy-policy\/","title":{"rendered":"Mentions l\u00e9gales"},"content":{"rendered":"\n<h1 class=\"wp-block-heading\" style=\"padding-top:var(--wp--preset--spacing--60)\">Mentions l\u00e9gales<\/h1>\n\n\n\n<h2 class=\"wp-block-heading\">Responsable du site web<\/h2>\n\n\n\n<p class=\"has-ast-global-color-8-color has-text-color has-link-color wp-elements-07dce0125752e7e331850678955778fb\" style=\"margin-top:0;margin-bottom:0;padding-top:0;padding-bottom:0\">Le responsable du traitement des donn\u00e9es est<strong> <\/strong>la boutique <strong>Manga no umi<\/strong>.<\/p>\n\n\n\n<p class=\"has-ast-global-color-8-color has-text-color has-link-color wp-elements-28ca913a5a01c34b07feb2578f8a5dfc\" style=\"padding-top:0;padding-bottom:0\">Propri\u00e9taire : Camille Soriano<\/p>\n\n\n\n<p class=\"has-ast-global-color-8-color has-text-color has-link-color wp-elements-1670b89aa06651b59a106083a6843546\" style=\"padding-top:0;padding-bottom:0\">Adresse : 6 rue Jean Savidan, 22300 Lannion<\/p>\n\n\n\n<p class=\"has-ast-global-color-8-color has-text-color has-link-color wp-elements-a3ba01e8591bea2659447e65760ad1e6\" style=\"padding-top:0;padding-bottom:0\">Email : manganoumi22@gmail.com<\/p>\n\n\n\n<p class=\"has-ast-global-color-8-color has-text-color has-link-color wp-elements-e2808a0f7b643b00f9fdd6eeded2d3e5\" style=\"padding-top:0;padding-bottom:0\">t\u00e9l\u00e9phone : 09 71 34 16 38<\/p>\n\n\n\n<h2 class=\"wp-block-heading\">Cookies et collection des donn\u00e9es personnelles<\/h2>\n\n\n\n<p class=\"has-ast-global-color-8-color has-text-color has-link-color wp-elements-8942ef42c3429d7fce91dd7d308835e5\">Le site Manga no umi ne collecte aucune donn\u00e9e personnelle et n&#8217;utilise aucun cookie.<\/p>\n\n\n\n<h2 class=\"wp-block-heading\">Modification de la politique<\/h2>\n\n\n\n<p class=\"has-ast-global-color-8-color has-text-color has-link-color wp-elements-be1a4747119351a5885b70f87537f293\" style=\"padding-bottom:var(--wp--preset--spacing--60)\">Cette politique de confidentialit\u00e9 peut \u00eatre modifi\u00e9e \u00e0 tout moment afin de garantir sa conformit\u00e9 avec la l\u00e9gislation.<\/p>\n\n\n\n<h2 class=\"wp-block-heading\">Modification de la politique<\/h2>\n\n\n\n<p class=\"has-ast-global-color-8-color has-text-color has-link-color wp-elements-591dd5d66775cc2f51d1c84b84f1fcb7\" style=\"padding-bottom:var(--wp--preset--spacing--60)\">L\u2019ensemble des contenus pr\u00e9sents sur le site <em>Manga No Umi<\/em>, incluant, de fa\u00e7on non limitative, les textes, images, illustrations, logos, \u00e9l\u00e9ments graphiques, vid\u00e9os, ainsi que leur mise en forme, sont prot\u00e9g\u00e9s par les lois en vigueur relatives \u00e0 la propri\u00e9t\u00e9 intellectuelle.<br><br>Sauf mention contraire, ces contenus sont la propri\u00e9t\u00e9 exclusive de l\u2019\u00e9diteur du site ou font l\u2019objet d\u2019une autorisation d\u2019utilisation.<br><br>Toute reproduction, repr\u00e9sentation, modification, publication, adaptation ou exploitation de tout ou partie des \u00e9l\u00e9ments du site, quel que soit le moyen ou le proc\u00e9d\u00e9 utilis\u00e9, est interdite sans autorisation \u00e9crite pr\u00e9alable de l\u2019\u00e9diteur.<br><br>Toute utilisation non autoris\u00e9e du site ou de l\u2019un quelconque des \u00e9l\u00e9ments qu\u2019il contient pourra \u00eatre consid\u00e9r\u00e9e comme constitutive d\u2019une contrefa\u00e7on et poursuivie conform\u00e9ment aux dispositions du Code de la propri\u00e9t\u00e9 intellectuelle.<\/p>\n","protected":false},"excerpt":{"rendered":"<p>Mentions l\u00e9gales Responsable du site web Le responsable du traitement des donn\u00e9es est la boutique Manga no umi. Propri\u00e9taire : [&hellip;]<\/p>\n","protected":false},"author":1,"featured_media":0,"parent":0,"menu_order":0,"comment_status":"closed","ping_status":"closed","template":"","meta":{"site-sidebar-layout":"default","site-content-layout":"","ast-site-content-layout":"default","site-content-style":"default","site-sidebar-style":"default","ast-global-header-display":"","ast-banner-title-visibility":"","ast-main-header-display":"","ast-hfb-above-header-display":"","ast-hfb-below-header-display":"","ast-hfb-mobile-header-display":"","site-post-title":"disabled","ast-breadcrumbs-content":"","ast-featured-img":"","footer-sml-layout":"","ast-disable-related-posts":"","theme-transparent-header-meta":"","adv-header-id-meta":"","stick-header-meta":"","header-above-stick-meta":"","header-main-stick-meta":"","header-below-stick-meta":"","astra-migrate-meta-layouts":"default","ast-page-background-enabled":"default","ast-page-background-meta":{"desktop":{"background-color":"var(--ast-global-color-5)","background-image":"","background-repeat":"repeat","background-position":"center center","background-size":"auto","background-attachment":"scroll","background-type":"","background-media":"","overlay-type":"","overlay-color":"","overlay-opacity":"","overlay-gradient":""},"tablet":{"background-color":"","background-image":"","background-repeat":"repeat","background-position":"center center","background-size":"auto","background-attachment":"scroll","background-type":"","background-media":"","overlay-type":"","overlay-color":"","overlay-opacity":"","overlay-gradient":""},"mobile":{"background-color":"","background-image":"","background-repeat":"repeat","background-position":"center center","background-size":"auto","background-attachment":"scroll","background-type":"","background-media":"","overlay-type":"","overlay-color":"","overlay-opacity":"","overlay-gradient":""}},"ast-content-background-meta":{"desktop":{"background-color":"var(--ast-global-color-4)","background-image":"","background-repeat":"repeat","background-position":"center center","background-size":"auto","background-attachment":"scroll","background-type":"","background-media":"","overlay-type":"","overlay-color":"","overlay-opacity":"","overlay-gradient":""},"tablet":{"background-color":"var(--ast-global-color-4)","background-image":"","background-repeat":"repeat","background-position":"center center","background-size":"auto","background-attachment":"scroll","background-type":"","background-media":"","overlay-type":"","overlay-color":"","overlay-opacity":"","overlay-gradient":""},"mobile":{"background-color":"var(--ast-global-color-4)","background-image":"","background-repeat":"repeat","background-position":"center center","background-size":"auto","background-attachment":"scroll","background-type":"","background-media":"","overlay-type":"","overlay-color":"","overlay-opacity":"","overlay-gradient":""}},"footnotes":""},"class_list":["post-3","page","type-page","status-publish","hentry"],"yoast_head":"<!-- This site is optimized with the Yoast SEO plugin v27.3 - https:\/\/yoast.com\/product\/yoast-seo-wordpress\/ -->\n<title>Mentions l\u00e9gales - Manga no umi<\/title>\n<meta name=\"robots\" content=\"index, follow, max-snippet:-1, max-image-preview:large, max-video-preview:-1\" \/>\n<link rel=\"canonical\" href=\"https:\/\/manganoumi22.fr\/index.php\/privacy-policy\/\" \/>\n<meta property=\"og:locale\" content=\"en_US\" \/>\n<meta property=\"og:type\" content=\"article\" \/>\n<meta property=\"og:title\" content=\"Mentions l\u00e9gales - Manga no umi\" \/>\n<meta property=\"og:description\" content=\"Mentions l\u00e9gales Responsable du site web Le responsable du traitement des donn\u00e9es est la boutique Manga no umi. Propri\u00e9taire : [&hellip;]\" \/>\n<meta property=\"og:url\" content=\"https:\/\/manganoumi22.fr\/index.php\/privacy-policy\/\" \/>\n<meta property=\"og:site_name\" content=\"Manga no umi\" \/>\n<meta property=\"article:modified_time\" content=\"2026-04-04T14:21:43+00:00\" \/>\n<meta name=\"twitter:card\" content=\"summary_large_image\" \/>\n<meta name=\"twitter:label1\" content=\"Est. reading time\" \/>\n\t<meta name=\"twitter:data1\" content=\"1 minute\" \/>\n<script type=\"application\/ld+json\" class=\"yoast-schema-graph\">{\"@context\":\"https:\\\/\\\/schema.org\",\"@graph\":[{\"@type\":\"WebPage\",\"@id\":\"https:\\\/\\\/manganoumi22.fr\\\/index.php\\\/privacy-policy\\\/\",\"url\":\"https:\\\/\\\/manganoumi22.fr\\\/index.php\\\/privacy-policy\\\/\",\"name\":\"Mentions l\u00e9gales - Manga no umi\",\"isPartOf\":{\"@id\":\"http:\\\/\\\/manganoumi22.fr\\\/#website\"},\"datePublished\":\"2026-03-05T15:23:24+00:00\",\"dateModified\":\"2026-04-04T14:21:43+00:00\",\"breadcrumb\":{\"@id\":\"https:\\\/\\\/manganoumi22.fr\\\/index.php\\\/privacy-policy\\\/#breadcrumb\"},\"inLanguage\":\"en-US\",\"potentialAction\":[{\"@type\":\"ReadAction\",\"target\":[\"https:\\\/\\\/manganoumi22.fr\\\/index.php\\\/privacy-policy\\\/\"]}]},{\"@type\":\"BreadcrumbList\",\"@id\":\"https:\\\/\\\/manganoumi22.fr\\\/index.php\\\/privacy-policy\\\/#breadcrumb\",\"itemListElement\":[{\"@type\":\"ListItem\",\"position\":1,\"name\":\"Home\",\"item\":\"http:\\\/\\\/manganoumi22.fr\\\/\"},{\"@type\":\"ListItem\",\"position\":2,\"name\":\"Mentions l\u00e9gales\"}]},{\"@type\":\"WebSite\",\"@id\":\"http:\\\/\\\/manganoumi22.fr\\\/#website\",\"url\":\"http:\\\/\\\/manganoumi22.fr\\\/\",\"name\":\"Manga no umi\",\"description\":\"Votre boutique manga et anim\u00e9 \u00e0 Lannion\",\"potentialAction\":[{\"@type\":\"SearchAction\",\"target\":{\"@type\":\"EntryPoint\",\"urlTemplate\":\"http:\\\/\\\/manganoumi22.fr\\\/?s={search_term_string}\"},\"query-input\":{\"@type\":\"PropertyValueSpecification\",\"valueRequired\":true,\"valueName\":\"search_term_string\"}}],\"inLanguage\":\"en-US\"}]}<\/script>\n<!-- \/ Yoast SEO plugin. -->","yoast_head_json":{"title":"Mentions l\u00e9gales - Manga no umi","robots":{"index":"index","follow":"follow","max-snippet":"max-snippet:-1","max-image-preview":"max-image-preview:large","max-video-preview":"max-video-preview:-1"},"canonical":"https:\/\/manganoumi22.fr\/index.php\/privacy-policy\/","og_locale":"en_US","og_type":"article","og_title":"Mentions l\u00e9gales - Manga no umi","og_description":"Mentions l\u00e9gales Responsable du site web Le responsable du traitement des donn\u00e9es est la boutique Manga no umi. Propri\u00e9taire : [&hellip;]","og_url":"https:\/\/manganoumi22.fr\/index.php\/privacy-policy\/","og_site_name":"Manga no umi","article_modified_time":"2026-04-04T14:21:43+00:00","twitter_card":"summary_large_image","twitter_misc":{"Est. reading time":"1 minute"},"schema":{"@context":"https:\/\/schema.org","@graph":[{"@type":"WebPage","@id":"https:\/\/manganoumi22.fr\/index.php\/privacy-policy\/","url":"https:\/\/manganoumi22.fr\/index.php\/privacy-policy\/","name":"Mentions l\u00e9gales - Manga no umi","isPartOf":{"@id":"http:\/\/manganoumi22.fr\/#website"},"datePublished":"2026-03-05T15:23:24+00:00","dateModified":"2026-04-04T14:21:43+00:00","breadcrumb":{"@id":"https:\/\/manganoumi22.fr\/index.php\/privacy-policy\/#breadcrumb"},"inLanguage":"en-US","potentialAction":[{"@type":"ReadAction","target":["https:\/\/manganoumi22.fr\/index.php\/privacy-policy\/"]}]},{"@type":"BreadcrumbList","@id":"https:\/\/manganoumi22.fr\/index.php\/privacy-policy\/#breadcrumb","itemListElement":[{"@type":"ListItem","position":1,"name":"Home","item":"http:\/\/manganoumi22.fr\/"},{"@type":"ListItem","position":2,"name":"Mentions l\u00e9gales"}]},{"@type":"WebSite","@id":"http:\/\/manganoumi22.fr\/#website","url":"http:\/\/manganoumi22.fr\/","name":"Manga no umi","description":"Votre boutique manga et anim\u00e9 \u00e0 Lannion","potentialAction":[{"@type":"SearchAction","target":{"@type":"EntryPoint","urlTemplate":"http:\/\/manganoumi22.fr\/?s={search_term_string}"},"query-input":{"@type":"PropertyValueSpecification","valueRequired":true,"valueName":"search_term_string"}}],"inLanguage":"en-US"}]}},"_links":{"self":[{"href":"https:\/\/manganoumi22.fr\/index.php\/wp-json\/wp\/v2\/pages\/3","targetHints":{"allow":["GET"]}}],"collection":[{"href":"https:\/\/manganoumi22.fr\/index.php\/wp-json\/wp\/v2\/pages"}],"about":[{"href":"https:\/\/manganoumi22.fr\/index.php\/wp-json\/wp\/v2\/types\/page"}],"author":[{"embeddable":true,"href":"https:\/\/manganoumi22.fr\/index.php\/wp-json\/wp\/v2\/users\/1"}],"replies":[{"embeddable":true,"href":"https:\/\/manganoumi22.fr\/index.php\/wp-json\/wp\/v2\/comments?post=3"}],"version-history":[{"count":8,"href":"https:\/\/manganoumi22.fr\/index.php\/wp-json\/wp\/v2\/pages\/3\/revisions"}],"predecessor-version":[{"id":929,"href":"https:\/\/manganoumi22.fr\/index.php\/wp-json\/wp\/v2\/pages\/3\/revisions\/929"}],"wp:attachment":[{"href":"https:\/\/manganoumi22.fr\/index.php\/wp-json\/wp\/v2\/media?parent=3"}],"curies":[{"name":"wp","href":"https:\/\/api.w.org\/{rel}","templated":true}]}}