{"id":305,"date":"2026-03-31T11:44:29","date_gmt":"2026-03-31T11:44:29","guid":{"rendered":"https:\/\/manganoumi22.fr\/?page_id=305"},"modified":"2026-04-01T07:00:54","modified_gmt":"2026-04-01T07:00:54","slug":"produits-derives-pokemon","status":"publish","type":"page","link":"https:\/\/manganoumi22.fr\/index.php\/univers-de-pokemon\/produits-derives-pokemon\/","title":{"rendered":"PRODUITS D\u00c9RIV\u00c9S POK\u00c9MON"},"content":{"rendered":"\n<div class=\"wp-block-cover alignfull\" style=\"margin-bottom:var(--wp--preset--spacing--70);min-height:575px;aspect-ratio:unset;\"><img loading=\"lazy\" decoding=\"async\" width=\"819\" height=\"1024\" class=\"wp-block-cover__image-background wp-image-631 size-large\" alt=\"\" src=\"http:\/\/manganoumi22.fr\/wp-content\/uploads\/2026\/03\/7-819x1024.png\" style=\"object-position:54% 20%\" data-object-fit=\"cover\" data-object-position=\"54% 20%\" srcset=\"https:\/\/manganoumi22.fr\/wp-content\/uploads\/2026\/03\/7-819x1024.png 819w, https:\/\/manganoumi22.fr\/wp-content\/uploads\/2026\/03\/7-240x300.png 240w, https:\/\/manganoumi22.fr\/wp-content\/uploads\/2026\/03\/7-768x960.png 768w, https:\/\/manganoumi22.fr\/wp-content\/uploads\/2026\/03\/7-1229x1536.png 1229w, https:\/\/manganoumi22.fr\/wp-content\/uploads\/2026\/03\/7.png 1440w\" sizes=\"auto, (max-width: 819px) 100vw, 819px\" \/><span aria-hidden=\"true\" class=\"wp-block-cover__background has-background-dim-40 has-background-dim\" style=\"background-color:#000000\"><\/span><div class=\"wp-block-cover__inner-container is-layout-flow wp-block-cover-is-layout-flow\">\n<h2 class=\"wp-block-heading has-text-align-center alignwide has-white-color has-text-color\" style=\"font-size:5.8em;line-height:1.1\">PRODUITS D\u00c9RIV\u00c9S<\/h2>\n\n\n\n<div class=\"wp-block-columns alignwide is-layout-flex wp-container-core-columns-is-layout-28f84493 wp-block-columns-is-layout-flex\">\n<div class=\"wp-block-column is-layout-flow wp-block-column-is-layout-flow\" style=\"flex-basis:60%\"><\/div>\n<\/div>\n\n\n\n<p class=\"has-text-align-center has-text-color\" style=\"color:#ffffff;font-size:1.5em\">Sur cette page, vous retrouvez notre gamme Pok\u00e9mon. \u2028Peluches, lampes, couvertures, constructions, d\u00e9co&#8230; \u2028D\u00e9couvrez des objets utiles \u2028qui vous accompagneront au quotidien.<\/p>\n<\/div><\/div>\n\n\n\n<h2 class=\"wp-block-heading\">NOS PRODUITS D\u00c9RIV\u00c9S POK\u00c9MON<\/h2>\n\n\n\n<div class=\"wp-block-columns is-layout-flex wp-container-core-columns-is-layout-58cf44a6 wp-block-columns-is-layout-flex\" style=\"padding-top:var(--wp--preset--spacing--70);padding-bottom:var(--wp--preset--spacing--70)\">\n<div class=\"wp-block-column is-layout-flow wp-block-column-is-layout-flow\">\n<figure class=\"wp-block-gallery has-nested-images columns-default is-cropped wp-block-gallery-1 is-layout-flex wp-block-gallery-is-layout-flex\">\n<figure class=\"wp-block-image size-full\"><img loading=\"lazy\" decoding=\"async\" width=\"252\" height=\"345\" data-id=\"584\" src=\"https:\/\/manganoumi22.fr\/wp-content\/uploads\/2026\/03\/keepley-coiffeton-1.jpg\" alt=\"\" class=\"wp-image-584\" srcset=\"https:\/\/manganoumi22.fr\/wp-content\/uploads\/2026\/03\/keepley-coiffeton-1.jpg 252w, https:\/\/manganoumi22.fr\/wp-content\/uploads\/2026\/03\/keepley-coiffeton-1-219x300.jpg 219w\" sizes=\"auto, (max-width: 252px) 100vw, 252px\" \/><\/figure>\n<\/figure>\n\n\n\n<div class=\"wp-block-group is-layout-constrained wp-block-group-is-layout-constrained\" style=\"margin-top:0;margin-bottom:0\">\n<h2 class=\"wp-block-heading has-text-align-center has-ast-global-color-8-color has-text-color has-link-color wp-elements-a0185d69210a08dadddde4b06e110909\" style=\"margin-top:var(--wp--preset--spacing--50);margin-right:0;margin-bottom:0;margin-left:0;font-size:2em\">COIFFETON FLOAT PARADE<\/h2>\n\n\n\n<p class=\"has-text-align-center has-ast-global-color-8-color has-text-color has-link-color wp-elements-ac9f116a3099ab0b8a7e3b08fd1fed7f\" style=\"margin-top:0;margin-bottom:0;font-size:1.5em\"><strong>23\u20ac<\/strong><\/p>\n<\/div>\n<\/div>\n\n\n\n<div class=\"wp-block-column is-layout-flow wp-block-column-is-layout-flow\">\n<figure class=\"wp-block-gallery has-nested-images columns-default is-cropped wp-block-gallery-2 is-layout-flex wp-block-gallery-is-layout-flex\">\n<figure class=\"wp-block-image size-full\"><img loading=\"lazy\" decoding=\"async\" width=\"252\" height=\"345\" data-id=\"585\" src=\"https:\/\/manganoumi22.fr\/wp-content\/uploads\/2026\/03\/keepley-coiffeton-2.jpg\" alt=\"\" class=\"wp-image-585\" srcset=\"https:\/\/manganoumi22.fr\/wp-content\/uploads\/2026\/03\/keepley-coiffeton-2.jpg 252w, https:\/\/manganoumi22.fr\/wp-content\/uploads\/2026\/03\/keepley-coiffeton-2-219x300.jpg 219w\" sizes=\"auto, (max-width: 252px) 100vw, 252px\" \/><\/figure>\n<\/figure>\n\n\n\n<div class=\"wp-block-group is-layout-constrained wp-block-group-is-layout-constrained\" style=\"margin-top:0;margin-bottom:0\">\n<h2 class=\"wp-block-heading has-text-align-center has-ast-global-color-8-color has-text-color has-link-color wp-elements-c4547cc00e568412c2f2b791d0fe4873\" style=\"margin-top:var(--wp--preset--spacing--50);margin-right:0;margin-bottom:0;margin-left:0;font-size:2em\">COIFFETON PLANT SERIE<\/h2>\n\n\n\n<p class=\"has-text-align-center has-ast-global-color-8-color has-text-color has-link-color wp-elements-ac9f116a3099ab0b8a7e3b08fd1fed7f\" style=\"margin-top:0;margin-bottom:0;font-size:1.5em\"><strong>23\u20ac<\/strong><\/p>\n<\/div>\n<\/div>\n\n\n\n<div class=\"wp-block-column is-layout-flow wp-block-column-is-layout-flow\">\n<figure class=\"wp-block-gallery has-nested-images columns-default is-cropped wp-block-gallery-3 is-layout-flex wp-block-gallery-is-layout-flex\">\n<figure class=\"wp-block-image size-full\"><img loading=\"lazy\" decoding=\"async\" width=\"252\" height=\"345\" data-id=\"586\" src=\"https:\/\/manganoumi22.fr\/wp-content\/uploads\/2026\/03\/keepley-togepi-1.jpg\" alt=\"\" class=\"wp-image-586\" srcset=\"https:\/\/manganoumi22.fr\/wp-content\/uploads\/2026\/03\/keepley-togepi-1.jpg 252w, https:\/\/manganoumi22.fr\/wp-content\/uploads\/2026\/03\/keepley-togepi-1-219x300.jpg 219w\" sizes=\"auto, (max-width: 252px) 100vw, 252px\" \/><\/figure>\n<\/figure>\n\n\n\n<div class=\"wp-block-group is-layout-constrained wp-block-group-is-layout-constrained\" style=\"margin-top:0;margin-bottom:0\">\n<h2 class=\"wp-block-heading has-text-align-center has-ast-global-color-8-color has-text-color has-link-color wp-elements-9ddcc0424550686e701a7b6de6dfec6c\" style=\"margin-top:var(--wp--preset--spacing--50);margin-right:0;margin-bottom:0;margin-left:0;font-size:2em\">TOGEPI PLANT SERIE<\/h2>\n\n\n\n<p class=\"has-text-align-center has-ast-global-color-8-color has-text-color has-link-color wp-elements-ac9f116a3099ab0b8a7e3b08fd1fed7f\" style=\"margin-top:0;margin-bottom:0;font-size:1.5em\"><strong>23\u20ac<\/strong><\/p>\n<\/div>\n<\/div>\n\n\n\n<div class=\"wp-block-column is-layout-flow wp-block-column-is-layout-flow\">\n<figure class=\"wp-block-gallery has-nested-images columns-default is-cropped wp-block-gallery-4 is-layout-flex wp-block-gallery-is-layout-flex\">\n<figure class=\"wp-block-image size-full has-custom-border\"><img loading=\"lazy\" decoding=\"async\" width=\"252\" height=\"345\" data-id=\"587\" src=\"https:\/\/manganoumi22.fr\/wp-content\/uploads\/2026\/03\/keepley-togepi-2.jpg\" alt=\"\" class=\"wp-image-587\" style=\"border-top-left-radius:5px;border-top-right-radius:5px;border-bottom-left-radius:5px;border-bottom-right-radius:5px\" srcset=\"https:\/\/manganoumi22.fr\/wp-content\/uploads\/2026\/03\/keepley-togepi-2.jpg 252w, https:\/\/manganoumi22.fr\/wp-content\/uploads\/2026\/03\/keepley-togepi-2-219x300.jpg 219w\" sizes=\"auto, (max-width: 252px) 100vw, 252px\" \/><\/figure>\n<\/figure>\n\n\n\n<div class=\"wp-block-group is-layout-constrained wp-block-group-is-layout-constrained\" style=\"margin-top:0;margin-bottom:0\">\n<h2 class=\"wp-block-heading has-text-align-center has-ast-global-color-8-color has-text-color has-link-color wp-elements-7aa47eb9dfa8572621706919dfc84c6d\" style=\"margin-top:var(--wp--preset--spacing--50);margin-right:0;margin-bottom:0;margin-left:0;font-size:2em\">TOGEPI PARADE FLOAT<\/h2>\n\n\n\n<p class=\"has-text-align-center has-ast-global-color-8-color has-text-color has-link-color wp-elements-ac9f116a3099ab0b8a7e3b08fd1fed7f\" style=\"margin-top:0;margin-bottom:0;font-size:1.5em\"><strong>23\u20ac<\/strong><\/p>\n<\/div>\n<\/div>\n<\/div>\n","protected":false},"excerpt":{"rendered":"<p>NOS PRODUITS D\u00c9RIV\u00c9S POK\u00c9MON COIFFETON FLOAT PARADE 23\u20ac COIFFETON PLANT SERIE 23\u20ac TOGEPI PLANT SERIE 23\u20ac TOGEPI PARADE FLOAT 23\u20ac<\/p>\n","protected":false},"author":1,"featured_media":0,"parent":161,"menu_order":0,"comment_status":"closed","ping_status":"closed","template":"","meta":{"site-sidebar-layout":"default","site-content-layout":"","ast-site-content-layout":"default","site-content-style":"default","site-sidebar-style":"default","ast-global-header-display":"","ast-banner-title-visibility":"","ast-main-header-display":"","ast-hfb-above-header-display":"","ast-hfb-below-header-display":"","ast-hfb-mobile-header-display":"","site-post-title":"disabled","ast-breadcrumbs-content":"","ast-featured-img":"","footer-sml-layout":"","ast-disable-related-posts":"","theme-transparent-header-meta":"","adv-header-id-meta":"","stick-header-meta":"","header-above-stick-meta":"","header-main-stick-meta":"","header-below-stick-meta":"","astra-migrate-meta-layouts":"default","ast-page-background-enabled":"default","ast-page-background-meta":{"desktop":{"background-color":"var(--ast-global-color-5)","background-image":"","background-repeat":"repeat","background-position":"center center","background-size":"auto","background-attachment":"scroll","background-type":"","background-media":"","overlay-type":"","overlay-color":"","overlay-opacity":"","overlay-gradient":""},"tablet":{"background-color":"","background-image":"","background-repeat":"repeat","background-position":"center center","background-size":"auto","background-attachment":"scroll","background-type":"","background-media":"","overlay-type":"","overlay-color":"","overlay-opacity":"","overlay-gradient":""},"mobile":{"background-color":"","background-image":"","background-repeat":"repeat","background-position":"center center","background-size":"auto","background-attachment":"scroll","background-type":"","background-media":"","overlay-type":"","overlay-color":"","overlay-opacity":"","overlay-gradient":""}},"ast-content-background-meta":{"desktop":{"background-color":"var(--ast-global-color-4)","background-image":"","background-repeat":"repeat","background-position":"center center","background-size":"auto","background-attachment":"scroll","background-type":"","background-media":"","overlay-type":"","overlay-color":"","overlay-opacity":"","overlay-gradient":""},"tablet":{"background-color":"var(--ast-global-color-4)","background-image":"","background-repeat":"repeat","background-position":"center center","background-size":"auto","background-attachment":"scroll","background-type":"","background-media":"","overlay-type":"","overlay-color":"","overlay-opacity":"","overlay-gradient":""},"mobile":{"background-color":"var(--ast-global-color-4)","background-image":"","background-repeat":"repeat","background-position":"center center","background-size":"auto","background-attachment":"scroll","background-type":"","background-media":"","overlay-type":"","overlay-color":"","overlay-opacity":"","overlay-gradient":""}},"footnotes":""},"class_list":["post-305","page","type-page","status-publish","hentry"],"yoast_head":"<!-- This site is optimized with the Yoast SEO plugin v27.3 - https:\/\/yoast.com\/product\/yoast-seo-wordpress\/ -->\n<title>PRODUITS D\u00c9RIV\u00c9S POK\u00c9MON - Manga no umi<\/title>\n<meta name=\"description\" content=\"Sur cette page, vous retrouvez notre gamme Pok\u00e9mon. \u2028Peluches, lampes, couvertures, constructions, d\u00e9co... D\u00e9couvrez...\" \/>\n<meta name=\"robots\" content=\"index, follow, max-snippet:-1, max-image-preview:large, max-video-preview:-1\" \/>\n<link rel=\"canonical\" href=\"http:\/\/manganoumi22.fr\/index.php\/univers-de-pokemon\/produits-derives-pokemon\/\" \/>\n<meta property=\"og:locale\" content=\"en_US\" \/>\n<meta property=\"og:type\" content=\"article\" \/>\n<meta property=\"og:title\" content=\"PRODUITS D\u00c9RIV\u00c9S POK\u00c9MON - Manga no umi\" \/>\n<meta property=\"og:description\" content=\"Sur cette page, vous retrouvez notre gamme Pok\u00e9mon. \u2028Peluches, lampes, couvertures, constructions, d\u00e9co... D\u00e9couvrez...\" \/>\n<meta property=\"og:url\" content=\"http:\/\/manganoumi22.fr\/index.php\/univers-de-pokemon\/produits-derives-pokemon\/\" \/>\n<meta property=\"og:site_name\" content=\"Manga no umi\" \/>\n<meta property=\"article:modified_time\" content=\"2026-04-01T07:00:54+00:00\" \/>\n<meta property=\"og:image\" content=\"http:\/\/manganoumi22.fr\/wp-content\/uploads\/2026\/03\/7-819x1024.png\" \/>\n<meta name=\"twitter:card\" content=\"summary_large_image\" \/>\n<meta name=\"twitter:label1\" content=\"Est. reading time\" \/>\n\t<meta name=\"twitter:data1\" content=\"2 minutes\" \/>\n<script type=\"application\/ld+json\" class=\"yoast-schema-graph\">{\"@context\":\"https:\\\/\\\/schema.org\",\"@graph\":[{\"@type\":\"WebPage\",\"@id\":\"http:\\\/\\\/manganoumi22.fr\\\/index.php\\\/univers-de-pokemon\\\/produits-derives-pokemon\\\/\",\"url\":\"http:\\\/\\\/manganoumi22.fr\\\/index.php\\\/univers-de-pokemon\\\/produits-derives-pokemon\\\/\",\"name\":\"PRODUITS D\u00c9RIV\u00c9S POK\u00c9MON - Manga no umi\",\"isPartOf\":{\"@id\":\"http:\\\/\\\/manganoumi22.fr\\\/#website\"},\"primaryImageOfPage\":{\"@id\":\"http:\\\/\\\/manganoumi22.fr\\\/index.php\\\/univers-de-pokemon\\\/produits-derives-pokemon\\\/#primaryimage\"},\"image\":{\"@id\":\"http:\\\/\\\/manganoumi22.fr\\\/index.php\\\/univers-de-pokemon\\\/produits-derives-pokemon\\\/#primaryimage\"},\"thumbnailUrl\":\"http:\\\/\\\/manganoumi22.fr\\\/wp-content\\\/uploads\\\/2026\\\/03\\\/7-819x1024.png\",\"datePublished\":\"2026-03-31T11:44:29+00:00\",\"dateModified\":\"2026-04-01T07:00:54+00:00\",\"description\":\"Sur cette page, vous retrouvez notre gamme Pok\u00e9mon. \\u2028Peluches, lampes, couvertures, constructions, d\u00e9co... D\u00e9couvrez...\",\"breadcrumb\":{\"@id\":\"http:\\\/\\\/manganoumi22.fr\\\/index.php\\\/univers-de-pokemon\\\/produits-derives-pokemon\\\/#breadcrumb\"},\"inLanguage\":\"en-US\",\"potentialAction\":[{\"@type\":\"ReadAction\",\"target\":[\"http:\\\/\\\/manganoumi22.fr\\\/index.php\\\/univers-de-pokemon\\\/produits-derives-pokemon\\\/\"]}]},{\"@type\":\"ImageObject\",\"inLanguage\":\"en-US\",\"@id\":\"http:\\\/\\\/manganoumi22.fr\\\/index.php\\\/univers-de-pokemon\\\/produits-derives-pokemon\\\/#primaryimage\",\"url\":\"https:\\\/\\\/manganoumi22.fr\\\/wp-content\\\/uploads\\\/2026\\\/03\\\/7.png\",\"contentUrl\":\"https:\\\/\\\/manganoumi22.fr\\\/wp-content\\\/uploads\\\/2026\\\/03\\\/7.png\",\"width\":1440,\"height\":1800},{\"@type\":\"BreadcrumbList\",\"@id\":\"http:\\\/\\\/manganoumi22.fr\\\/index.php\\\/univers-de-pokemon\\\/produits-derives-pokemon\\\/#breadcrumb\",\"itemListElement\":[{\"@type\":\"ListItem\",\"position\":1,\"name\":\"Home\",\"item\":\"http:\\\/\\\/manganoumi22.fr\\\/\"},{\"@type\":\"ListItem\",\"position\":2,\"name\":\"L&#8217;UNIVERS DE POK\u00c9MON\",\"item\":\"http:\\\/\\\/manganoumi22.fr\\\/index.php\\\/univers-de-pokemon\\\/\"},{\"@type\":\"ListItem\",\"position\":3,\"name\":\"PRODUITS D\u00c9RIV\u00c9S POK\u00c9MON\"}]},{\"@type\":\"WebSite\",\"@id\":\"http:\\\/\\\/manganoumi22.fr\\\/#website\",\"url\":\"http:\\\/\\\/manganoumi22.fr\\\/\",\"name\":\"Manga no umi\",\"description\":\"Votre boutique manga et anim\u00e9 \u00e0 Lannion\",\"potentialAction\":[{\"@type\":\"SearchAction\",\"target\":{\"@type\":\"EntryPoint\",\"urlTemplate\":\"http:\\\/\\\/manganoumi22.fr\\\/?s={search_term_string}\"},\"query-input\":{\"@type\":\"PropertyValueSpecification\",\"valueRequired\":true,\"valueName\":\"search_term_string\"}}],\"inLanguage\":\"en-US\"}]}<\/script>\n<!-- \/ Yoast SEO plugin. -->","yoast_head_json":{"title":"PRODUITS D\u00c9RIV\u00c9S POK\u00c9MON - Manga no umi","description":"Sur cette page, vous retrouvez notre gamme Pok\u00e9mon. \u2028Peluches, lampes, couvertures, constructions, d\u00e9co... D\u00e9couvrez...","robots":{"index":"index","follow":"follow","max-snippet":"max-snippet:-1","max-image-preview":"max-image-preview:large","max-video-preview":"max-video-preview:-1"},"canonical":"http:\/\/manganoumi22.fr\/index.php\/univers-de-pokemon\/produits-derives-pokemon\/","og_locale":"en_US","og_type":"article","og_title":"PRODUITS D\u00c9RIV\u00c9S POK\u00c9MON - Manga no umi","og_description":"Sur cette page, vous retrouvez notre gamme Pok\u00e9mon. \u2028Peluches, lampes, couvertures, constructions, d\u00e9co... D\u00e9couvrez...","og_url":"http:\/\/manganoumi22.fr\/index.php\/univers-de-pokemon\/produits-derives-pokemon\/","og_site_name":"Manga no umi","article_modified_time":"2026-04-01T07:00:54+00:00","og_image":[{"url":"http:\/\/manganoumi22.fr\/wp-content\/uploads\/2026\/03\/7-819x1024.png","type":"","width":"","height":""}],"twitter_card":"summary_large_image","twitter_misc":{"Est. reading time":"2 minutes"},"schema":{"@context":"https:\/\/schema.org","@graph":[{"@type":"WebPage","@id":"http:\/\/manganoumi22.fr\/index.php\/univers-de-pokemon\/produits-derives-pokemon\/","url":"http:\/\/manganoumi22.fr\/index.php\/univers-de-pokemon\/produits-derives-pokemon\/","name":"PRODUITS D\u00c9RIV\u00c9S POK\u00c9MON - Manga no umi","isPartOf":{"@id":"http:\/\/manganoumi22.fr\/#website"},"primaryImageOfPage":{"@id":"http:\/\/manganoumi22.fr\/index.php\/univers-de-pokemon\/produits-derives-pokemon\/#primaryimage"},"image":{"@id":"http:\/\/manganoumi22.fr\/index.php\/univers-de-pokemon\/produits-derives-pokemon\/#primaryimage"},"thumbnailUrl":"http:\/\/manganoumi22.fr\/wp-content\/uploads\/2026\/03\/7-819x1024.png","datePublished":"2026-03-31T11:44:29+00:00","dateModified":"2026-04-01T07:00:54+00:00","description":"Sur cette page, vous retrouvez notre gamme Pok\u00e9mon. \u2028Peluches, lampes, couvertures, constructions, d\u00e9co... D\u00e9couvrez...","breadcrumb":{"@id":"http:\/\/manganoumi22.fr\/index.php\/univers-de-pokemon\/produits-derives-pokemon\/#breadcrumb"},"inLanguage":"en-US","potentialAction":[{"@type":"ReadAction","target":["http:\/\/manganoumi22.fr\/index.php\/univers-de-pokemon\/produits-derives-pokemon\/"]}]},{"@type":"ImageObject","inLanguage":"en-US","@id":"http:\/\/manganoumi22.fr\/index.php\/univers-de-pokemon\/produits-derives-pokemon\/#primaryimage","url":"https:\/\/manganoumi22.fr\/wp-content\/uploads\/2026\/03\/7.png","contentUrl":"https:\/\/manganoumi22.fr\/wp-content\/uploads\/2026\/03\/7.png","width":1440,"height":1800},{"@type":"BreadcrumbList","@id":"http:\/\/manganoumi22.fr\/index.php\/univers-de-pokemon\/produits-derives-pokemon\/#breadcrumb","itemListElement":[{"@type":"ListItem","position":1,"name":"Home","item":"http:\/\/manganoumi22.fr\/"},{"@type":"ListItem","position":2,"name":"L&#8217;UNIVERS DE POK\u00c9MON","item":"http:\/\/manganoumi22.fr\/index.php\/univers-de-pokemon\/"},{"@type":"ListItem","position":3,"name":"PRODUITS D\u00c9RIV\u00c9S POK\u00c9MON"}]},{"@type":"WebSite","@id":"http:\/\/manganoumi22.fr\/#website","url":"http:\/\/manganoumi22.fr\/","name":"Manga no umi","description":"Votre boutique manga et anim\u00e9 \u00e0 Lannion","potentialAction":[{"@type":"SearchAction","target":{"@type":"EntryPoint","urlTemplate":"http:\/\/manganoumi22.fr\/?s={search_term_string}"},"query-input":{"@type":"PropertyValueSpecification","valueRequired":true,"valueName":"search_term_string"}}],"inLanguage":"en-US"}]}},"_links":{"self":[{"href":"https:\/\/manganoumi22.fr\/index.php\/wp-json\/wp\/v2\/pages\/305","targetHints":{"allow":["GET"]}}],"collection":[{"href":"https:\/\/manganoumi22.fr\/index.php\/wp-json\/wp\/v2\/pages"}],"about":[{"href":"https:\/\/manganoumi22.fr\/index.php\/wp-json\/wp\/v2\/types\/page"}],"author":[{"embeddable":true,"href":"https:\/\/manganoumi22.fr\/index.php\/wp-json\/wp\/v2\/users\/1"}],"replies":[{"embeddable":true,"href":"https:\/\/manganoumi22.fr\/index.php\/wp-json\/wp\/v2\/comments?post=305"}],"version-history":[{"count":4,"href":"https:\/\/manganoumi22.fr\/index.php\/wp-json\/wp\/v2\/pages\/305\/revisions"}],"predecessor-version":[{"id":924,"href":"https:\/\/manganoumi22.fr\/index.php\/wp-json\/wp\/v2\/pages\/305\/revisions\/924"}],"up":[{"embeddable":true,"href":"https:\/\/manganoumi22.fr\/index.php\/wp-json\/wp\/v2\/pages\/161"}],"wp:attachment":[{"href":"https:\/\/manganoumi22.fr\/index.php\/wp-json\/wp\/v2\/media?parent=305"}],"curies":[{"name":"wp","href":"https:\/\/api.w.org\/{rel}","templated":true}]}}