{"id":318,"date":"2026-03-31T11:43:30","date_gmt":"2026-03-31T11:43:30","guid":{"rendered":"https:\/\/manganoumi22.fr\/?page_id=318"},"modified":"2026-03-31T13:33:08","modified_gmt":"2026-03-31T13:33:08","slug":"figurines","status":"publish","type":"page","link":"https:\/\/manganoumi22.fr\/index.php\/figurines\/","title":{"rendered":"FIGURINES"},"content":{"rendered":"\n\n\n<div class=\"wp-block-cover alignfull\" style=\"margin-bottom:var(--wp--preset--spacing--70);min-height:575px;aspect-ratio:unset;\"><img loading=\"lazy\" decoding=\"async\" width=\"1024\" height=\"768\" class=\"wp-block-cover__image-background wp-image-650 size-large\" alt=\"\" src=\"https:\/\/manganoumi22.fr\/wp-content\/uploads\/2026\/03\/IMG_3267-1024x768.jpg\" style=\"object-position:52% 58%\" data-object-fit=\"cover\" data-object-position=\"52% 58%\" srcset=\"https:\/\/manganoumi22.fr\/wp-content\/uploads\/2026\/03\/IMG_3267-1024x768.jpg 1024w, https:\/\/manganoumi22.fr\/wp-content\/uploads\/2026\/03\/IMG_3267-300x225.jpg 300w, https:\/\/manganoumi22.fr\/wp-content\/uploads\/2026\/03\/IMG_3267-768x576.jpg 768w, https:\/\/manganoumi22.fr\/wp-content\/uploads\/2026\/03\/IMG_3267-1536x1152.jpg 1536w, https:\/\/manganoumi22.fr\/wp-content\/uploads\/2026\/03\/IMG_3267-2048x1536.jpg 2048w\" sizes=\"auto, (max-width: 1024px) 100vw, 1024px\" \/><span aria-hidden=\"true\" class=\"wp-block-cover__background has-background-dim-40 has-background-dim\" style=\"background-color:#000000\"><\/span><div class=\"wp-block-cover__inner-container is-layout-flow wp-block-cover-is-layout-flow\">\n<h2 class=\"wp-block-heading has-text-align-center alignwide has-white-color has-text-color\" style=\"font-size:5.8em;line-height:1.1\">FIGURINES<\/h2>\n\n\n\n<div class=\"wp-block-columns alignwide is-layout-flex wp-container-core-columns-is-layout-28f84493 wp-block-columns-is-layout-flex\">\n<div class=\"wp-block-column is-layout-flow wp-block-column-is-layout-flow\" style=\"flex-basis:60%\"><\/div>\n<\/div>\n\n\n\n<p class=\"has-text-align-center has-text-color\" style=\"color:#ffffff;font-size:1.5em\">D\u00e9coration ou collection, rassemblez toutes les figurines \u2028de vos mangas et anim\u00e9s pr\u00e9f\u00e9r\u00e9s chez vous !&nbsp;Une nouvelle histoire qui d\u00e9marre avec vos personnages favoris.<\/p>\n<\/div><\/div>\n\n\n\n<div class=\"wp-block-columns is-layout-flex wp-container-core-columns-is-layout-58cf44a6 wp-block-columns-is-layout-flex\" style=\"padding-top:var(--wp--preset--spacing--70);padding-bottom:var(--wp--preset--spacing--70)\">\n<div class=\"wp-block-column is-layout-flow wp-block-column-is-layout-flow\">\n<figure class=\"wp-block-gallery has-nested-images columns-default is-cropped wp-block-gallery-1 is-layout-flex wp-block-gallery-is-layout-flex\" style=\"border-top-left-radius:0px;border-top-right-radius:0px;border-bottom-left-radius:0px;border-bottom-right-radius:0px\">\n<figure class=\"wp-block-image size-full has-custom-border\"><img loading=\"lazy\" decoding=\"async\" width=\"2560\" height=\"1915\" data-id=\"754\" src=\"https:\/\/manganoumi22.fr\/wp-content\/uploads\/2026\/03\/1774947493348-scaled.jpg\" alt=\"\" class=\"wp-image-754\" style=\"border-top-left-radius:10px;border-top-right-radius:10px;border-bottom-left-radius:10px;border-bottom-right-radius:10px;aspect-ratio:3\/4\" srcset=\"https:\/\/manganoumi22.fr\/wp-content\/uploads\/2026\/03\/1774947493348-scaled.jpg 2560w, https:\/\/manganoumi22.fr\/wp-content\/uploads\/2026\/03\/1774947493348-300x224.jpg 300w, https:\/\/manganoumi22.fr\/wp-content\/uploads\/2026\/03\/1774947493348-1024x766.jpg 1024w, https:\/\/manganoumi22.fr\/wp-content\/uploads\/2026\/03\/1774947493348-768x574.jpg 768w, https:\/\/manganoumi22.fr\/wp-content\/uploads\/2026\/03\/1774947493348-1536x1149.jpg 1536w, https:\/\/manganoumi22.fr\/wp-content\/uploads\/2026\/03\/1774947493348-2048x1532.jpg 2048w\" sizes=\"auto, (max-width: 2560px) 100vw, 2560px\" \/><\/figure>\n<\/figure>\n\n\n\n<div class=\"wp-block-group is-layout-constrained wp-block-group-is-layout-constrained\" style=\"margin-top:0;margin-bottom:0\">\n<h2 class=\"wp-block-heading has-text-align-center has-ast-global-color-8-color has-text-color has-link-color wp-elements-108428522f31f96934b452b144be25ff\" style=\"margin-top:var(--wp--preset--spacing--50);margin-right:0;margin-bottom:0;margin-left:0;font-size:2em\">GFRED<\/h2>\n\n\n\n<p class=\"has-text-align-center has-ast-global-color-8-color has-text-color has-link-color wp-elements-5da20bc47ea9a2e6493efb49c3a2db8b\" style=\"margin-top:0;margin-bottom:0;font-size:1.5em\"><strong>0\u20ac<\/strong><\/p>\n<\/div>\n<\/div>\n\n\n\n<div class=\"wp-block-column is-layout-flow wp-block-column-is-layout-flow\">\n<figure class=\"wp-block-gallery has-nested-images columns-default is-cropped wp-block-gallery-2 is-layout-flex wp-block-gallery-is-layout-flex\">\n<figure class=\"wp-block-image size-full has-custom-border\"><img loading=\"lazy\" decoding=\"async\" width=\"2560\" height=\"1915\" data-id=\"755\" src=\"https:\/\/manganoumi22.fr\/wp-content\/uploads\/2026\/03\/1774947510556-scaled.jpg\" alt=\"\" class=\"wp-image-755\" style=\"border-top-left-radius:8px;border-top-right-radius:8px;border-bottom-left-radius:8px;border-bottom-right-radius:8px;aspect-ratio:3\/4\" srcset=\"https:\/\/manganoumi22.fr\/wp-content\/uploads\/2026\/03\/1774947510556-scaled.jpg 2560w, https:\/\/manganoumi22.fr\/wp-content\/uploads\/2026\/03\/1774947510556-300x224.jpg 300w, https:\/\/manganoumi22.fr\/wp-content\/uploads\/2026\/03\/1774947510556-1024x766.jpg 1024w, https:\/\/manganoumi22.fr\/wp-content\/uploads\/2026\/03\/1774947510556-768x574.jpg 768w, https:\/\/manganoumi22.fr\/wp-content\/uploads\/2026\/03\/1774947510556-1536x1149.jpg 1536w, https:\/\/manganoumi22.fr\/wp-content\/uploads\/2026\/03\/1774947510556-2048x1532.jpg 2048w\" sizes=\"auto, (max-width: 2560px) 100vw, 2560px\" \/><\/figure>\n<\/figure>\n\n\n\n<div class=\"wp-block-group is-layout-constrained wp-block-group-is-layout-constrained\" style=\"margin-top:0;margin-bottom:0\">\n<h2 class=\"wp-block-heading has-text-align-center has-ast-global-color-8-color has-text-color has-link-color wp-elements-c76aa9ba01d25f7b973991f1430c7005\" style=\"margin-top:var(--wp--preset--spacing--50);margin-right:0;margin-bottom:0;margin-left:0;font-size:2em\">HELLO KITTY<\/h2>\n\n\n\n<p class=\"has-text-align-center has-ast-global-color-8-color has-text-color has-link-color wp-elements-5da20bc47ea9a2e6493efb49c3a2db8b\" style=\"margin-top:0;margin-bottom:0;font-size:1.5em\"><strong>0\u20ac<\/strong><\/p>\n<\/div>\n<\/div>\n\n\n\n<div class=\"wp-block-column is-layout-flow wp-block-column-is-layout-flow\">\n<figure class=\"wp-block-gallery has-nested-images columns-default is-cropped wp-block-gallery-3 is-layout-flex wp-block-gallery-is-layout-flex\">\n<figure class=\"wp-block-image size-full has-custom-border\"><img loading=\"lazy\" decoding=\"async\" width=\"1915\" height=\"2560\" data-id=\"756\" src=\"https:\/\/manganoumi22.fr\/wp-content\/uploads\/2026\/03\/1774955470393-1-scaled.jpg\" alt=\"\" class=\"wp-image-756\" style=\"border-top-left-radius:7px;border-top-right-radius:7px;border-bottom-left-radius:7px;border-bottom-right-radius:7px;aspect-ratio:3\/4\" srcset=\"https:\/\/manganoumi22.fr\/wp-content\/uploads\/2026\/03\/1774955470393-1-scaled.jpg 1915w, https:\/\/manganoumi22.fr\/wp-content\/uploads\/2026\/03\/1774955470393-1-224x300.jpg 224w, https:\/\/manganoumi22.fr\/wp-content\/uploads\/2026\/03\/1774955470393-1-766x1024.jpg 766w, https:\/\/manganoumi22.fr\/wp-content\/uploads\/2026\/03\/1774955470393-1-768x1027.jpg 768w, https:\/\/manganoumi22.fr\/wp-content\/uploads\/2026\/03\/1774955470393-1-1149x1536.jpg 1149w, https:\/\/manganoumi22.fr\/wp-content\/uploads\/2026\/03\/1774955470393-1-1532x2048.jpg 1532w\" sizes=\"auto, (max-width: 1915px) 100vw, 1915px\" \/><\/figure>\n<\/figure>\n\n\n\n<div class=\"wp-block-group is-layout-constrained wp-block-group-is-layout-constrained\" style=\"margin-top:0;margin-bottom:0\">\n<h2 class=\"wp-block-heading has-text-align-center has-ast-global-color-8-color has-text-color has-link-color wp-elements-873fbb982833690f99913d32e4a0a651\" style=\"margin-top:var(--wp--preset--spacing--50);margin-right:0;margin-bottom:0;margin-left:0;font-size:2em\">MASTERLISE<\/h2>\n\n\n\n<p class=\"has-text-align-center has-ast-global-color-8-color has-text-color has-link-color wp-elements-5da20bc47ea9a2e6493efb49c3a2db8b\" style=\"margin-top:0;margin-bottom:0;font-size:1.5em\"><strong>0\u20ac<\/strong><\/p>\n<\/div>\n<\/div>\n\n\n\n<div class=\"wp-block-column is-layout-flow wp-block-column-is-layout-flow\">\n<figure class=\"wp-block-gallery has-nested-images columns-default is-cropped wp-block-gallery-4 is-layout-flex wp-block-gallery-is-layout-flex\">\n<figure class=\"wp-block-image size-full has-custom-border\"><img loading=\"lazy\" decoding=\"async\" width=\"1915\" height=\"2560\" data-id=\"757\" src=\"https:\/\/manganoumi22.fr\/wp-content\/uploads\/2026\/03\/1774953891891-scaled.jpg\" alt=\"\" class=\"wp-image-757\" style=\"border-top-left-radius:12px;border-top-right-radius:12px;border-bottom-left-radius:12px;border-bottom-right-radius:12px;aspect-ratio:3\/4\" srcset=\"https:\/\/manganoumi22.fr\/wp-content\/uploads\/2026\/03\/1774953891891-scaled.jpg 1915w, https:\/\/manganoumi22.fr\/wp-content\/uploads\/2026\/03\/1774953891891-224x300.jpg 224w, https:\/\/manganoumi22.fr\/wp-content\/uploads\/2026\/03\/1774953891891-766x1024.jpg 766w, https:\/\/manganoumi22.fr\/wp-content\/uploads\/2026\/03\/1774953891891-768x1027.jpg 768w, https:\/\/manganoumi22.fr\/wp-content\/uploads\/2026\/03\/1774953891891-1149x1536.jpg 1149w, https:\/\/manganoumi22.fr\/wp-content\/uploads\/2026\/03\/1774953891891-1532x2048.jpg 1532w\" sizes=\"auto, (max-width: 1915px) 100vw, 1915px\" \/><\/figure>\n<\/figure>\n\n\n\n<div class=\"wp-block-group is-layout-constrained wp-block-group-is-layout-constrained\" style=\"margin-top:0;margin-bottom:0\">\n<h2 class=\"wp-block-heading has-text-align-center has-ast-global-color-8-color has-text-color has-link-color wp-elements-8bb982fdcab77a76b46001916ca9d6f1\" style=\"margin-top:var(--wp--preset--spacing--50);margin-right:0;margin-bottom:0;margin-left:0;font-size:2em\">GON KILLUA HYSOKA HXH<\/h2>\n\n\n\n<p class=\"has-text-align-center has-ast-global-color-8-color has-text-color has-link-color wp-elements-5da20bc47ea9a2e6493efb49c3a2db8b\" style=\"margin-top:0;margin-bottom:0;font-size:1.5em\"><strong>0\u20ac<\/strong><\/p>\n<\/div>\n<\/div>\n<\/div>\n\n\n\n<div class=\"wp-block-columns is-layout-flex wp-container-core-columns-is-layout-58cf44a6 wp-block-columns-is-layout-flex\" style=\"padding-top:var(--wp--preset--spacing--70);padding-bottom:var(--wp--preset--spacing--70)\">\n<div class=\"wp-block-column is-layout-flow wp-block-column-is-layout-flow\">\n<figure class=\"wp-block-gallery has-nested-images columns-default is-cropped wp-block-gallery-5 is-layout-flex wp-block-gallery-is-layout-flex\" style=\"border-top-left-radius:0px;border-top-right-radius:0px;border-bottom-left-radius:0px;border-bottom-right-radius:0px\">\n<figure class=\"wp-block-image size-full has-custom-border\"><img loading=\"lazy\" decoding=\"async\" width=\"2560\" height=\"1920\" data-id=\"759\" src=\"https:\/\/manganoumi22.fr\/wp-content\/uploads\/2026\/03\/1774947808314-scaled.jpg\" alt=\"\" class=\"wp-image-759\" style=\"border-top-left-radius:10px;border-top-right-radius:10px;border-bottom-left-radius:10px;border-bottom-right-radius:10px;aspect-ratio:3\/4\" srcset=\"https:\/\/manganoumi22.fr\/wp-content\/uploads\/2026\/03\/1774947808314-scaled.jpg 2560w, https:\/\/manganoumi22.fr\/wp-content\/uploads\/2026\/03\/1774947808314-300x225.jpg 300w, https:\/\/manganoumi22.fr\/wp-content\/uploads\/2026\/03\/1774947808314-1024x768.jpg 1024w, https:\/\/manganoumi22.fr\/wp-content\/uploads\/2026\/03\/1774947808314-768x576.jpg 768w, https:\/\/manganoumi22.fr\/wp-content\/uploads\/2026\/03\/1774947808314-1536x1152.jpg 1536w, https:\/\/manganoumi22.fr\/wp-content\/uploads\/2026\/03\/1774947808314-2048x1536.jpg 2048w\" sizes=\"auto, (max-width: 2560px) 100vw, 2560px\" \/><\/figure>\n<\/figure>\n\n\n\n<div class=\"wp-block-group is-layout-constrained wp-block-group-is-layout-constrained\" style=\"margin-top:0;margin-bottom:0\">\n<h2 class=\"wp-block-heading has-text-align-center has-ast-global-color-8-color has-text-color has-link-color wp-elements-d980cc1c8ff83f9301af1d4b3362a60f\" style=\"margin-top:var(--wp--preset--spacing--50);margin-right:0;margin-bottom:0;margin-left:0;font-size:2em\">HERO INFINITY<\/h2>\n\n\n\n<p class=\"has-text-align-center has-ast-global-color-8-color has-text-color has-link-color wp-elements-5da20bc47ea9a2e6493efb49c3a2db8b\" style=\"margin-top:0;margin-bottom:0;font-size:1.5em\"><strong>0\u20ac<\/strong><\/p>\n<\/div>\n<\/div>\n\n\n\n<div class=\"wp-block-column is-layout-flow wp-block-column-is-layout-flow\"><\/div>\n\n\n\n<div class=\"wp-block-column is-layout-flow wp-block-column-is-layout-flow\"><\/div>\n\n\n\n<div class=\"wp-block-column is-layout-flow wp-block-column-is-layout-flow\"><\/div>\n<\/div>\n\n\n\n<p><\/p>\n","protected":false},"excerpt":{"rendered":"<p>GFRED 0\u20ac HELLO KITTY 0\u20ac MASTERLISE 0\u20ac GON KILLUA HYSOKA HXH 0\u20ac HERO INFINITY 0\u20ac<\/p>\n","protected":false},"author":1,"featured_media":0,"parent":0,"menu_order":0,"comment_status":"closed","ping_status":"closed","template":"","meta":{"site-sidebar-layout":"default","site-content-layout":"","ast-site-content-layout":"default","site-content-style":"default","site-sidebar-style":"default","ast-global-header-display":"","ast-banner-title-visibility":"","ast-main-header-display":"","ast-hfb-above-header-display":"","ast-hfb-below-header-display":"","ast-hfb-mobile-header-display":"","site-post-title":"disabled","ast-breadcrumbs-content":"","ast-featured-img":"","footer-sml-layout":"","ast-disable-related-posts":"","theme-transparent-header-meta":"","adv-header-id-meta":"","stick-header-meta":"","header-above-stick-meta":"","header-main-stick-meta":"","header-below-stick-meta":"","astra-migrate-meta-layouts":"default","ast-page-background-enabled":"default","ast-page-background-meta":{"desktop":{"background-color":"var(--ast-global-color-5)","background-image":"","background-repeat":"repeat","background-position":"center center","background-size":"auto","background-attachment":"scroll","background-type":"","background-media":"","overlay-type":"","overlay-color":"","overlay-opacity":"","overlay-gradient":""},"tablet":{"background-color":"","background-image":"","background-repeat":"repeat","background-position":"center center","background-size":"auto","background-attachment":"scroll","background-type":"","background-media":"","overlay-type":"","overlay-color":"","overlay-opacity":"","overlay-gradient":""},"mobile":{"background-color":"","background-image":"","background-repeat":"repeat","background-position":"center center","background-size":"auto","background-attachment":"scroll","background-type":"","background-media":"","overlay-type":"","overlay-color":"","overlay-opacity":"","overlay-gradient":""}},"ast-content-background-meta":{"desktop":{"background-color":"var(--ast-global-color-4)","background-image":"","background-repeat":"repeat","background-position":"center center","background-size":"auto","background-attachment":"scroll","background-type":"","background-media":"","overlay-type":"","overlay-color":"","overlay-opacity":"","overlay-gradient":""},"tablet":{"background-color":"var(--ast-global-color-4)","background-image":"","background-repeat":"repeat","background-position":"center center","background-size":"auto","background-attachment":"scroll","background-type":"","background-media":"","overlay-type":"","overlay-color":"","overlay-opacity":"","overlay-gradient":""},"mobile":{"background-color":"var(--ast-global-color-4)","background-image":"","background-repeat":"repeat","background-position":"center center","background-size":"auto","background-attachment":"scroll","background-type":"","background-media":"","overlay-type":"","overlay-color":"","overlay-opacity":"","overlay-gradient":""}},"footnotes":""},"class_list":["post-318","page","type-page","status-publish","hentry"],"yoast_head":"<!-- This site is optimized with the Yoast SEO plugin v27.3 - https:\/\/yoast.com\/product\/yoast-seo-wordpress\/ -->\n<title>FIGURINES - Manga no umi<\/title>\n<meta name=\"description\" content=\"D\u00e9coration ou collection, rassemblez toutes les figurines \u2028de vos mangas et anim\u00e9s pr\u00e9f\u00e9r\u00e9s chez vous ! Une nouvelle histoire...\" \/>\n<meta name=\"robots\" content=\"index, follow, max-snippet:-1, max-image-preview:large, max-video-preview:-1\" \/>\n<link rel=\"canonical\" href=\"https:\/\/manganoumi22.fr\/index.php\/figurines\/\" \/>\n<meta property=\"og:locale\" content=\"en_US\" \/>\n<meta property=\"og:type\" content=\"article\" \/>\n<meta property=\"og:title\" content=\"FIGURINES - Manga no umi\" \/>\n<meta property=\"og:description\" content=\"D\u00e9coration ou collection, rassemblez toutes les figurines \u2028de vos mangas et anim\u00e9s pr\u00e9f\u00e9r\u00e9s chez vous ! Une nouvelle histoire...\" \/>\n<meta property=\"og:url\" content=\"https:\/\/manganoumi22.fr\/index.php\/figurines\/\" \/>\n<meta property=\"og:site_name\" content=\"Manga no umi\" \/>\n<meta property=\"article:modified_time\" content=\"2026-03-31T13:33:08+00:00\" \/>\n<meta property=\"og:image\" content=\"https:\/\/manganoumi22.fr\/wp-content\/uploads\/2026\/03\/IMG_3267-1024x768.jpg\" \/>\n<meta name=\"twitter:card\" content=\"summary_large_image\" \/>\n<meta name=\"twitter:label1\" content=\"Est. reading time\" \/>\n\t<meta name=\"twitter:data1\" content=\"2 minutes\" \/>\n<script type=\"application\/ld+json\" class=\"yoast-schema-graph\">{\"@context\":\"https:\\\/\\\/schema.org\",\"@graph\":[{\"@type\":\"WebPage\",\"@id\":\"https:\\\/\\\/manganoumi22.fr\\\/index.php\\\/figurines\\\/\",\"url\":\"https:\\\/\\\/manganoumi22.fr\\\/index.php\\\/figurines\\\/\",\"name\":\"FIGURINES - Manga no umi\",\"isPartOf\":{\"@id\":\"http:\\\/\\\/manganoumi22.fr\\\/#website\"},\"primaryImageOfPage\":{\"@id\":\"https:\\\/\\\/manganoumi22.fr\\\/index.php\\\/figurines\\\/#primaryimage\"},\"image\":{\"@id\":\"https:\\\/\\\/manganoumi22.fr\\\/index.php\\\/figurines\\\/#primaryimage\"},\"thumbnailUrl\":\"https:\\\/\\\/manganoumi22.fr\\\/wp-content\\\/uploads\\\/2026\\\/03\\\/IMG_3267-1024x768.jpg\",\"datePublished\":\"2026-03-31T11:43:30+00:00\",\"dateModified\":\"2026-03-31T13:33:08+00:00\",\"description\":\"D\u00e9coration ou collection, rassemblez toutes les figurines \\u2028de vos mangas et anim\u00e9s pr\u00e9f\u00e9r\u00e9s chez vous ! Une nouvelle histoire...\",\"breadcrumb\":{\"@id\":\"https:\\\/\\\/manganoumi22.fr\\\/index.php\\\/figurines\\\/#breadcrumb\"},\"inLanguage\":\"en-US\",\"potentialAction\":[{\"@type\":\"ReadAction\",\"target\":[\"https:\\\/\\\/manganoumi22.fr\\\/index.php\\\/figurines\\\/\"]}]},{\"@type\":\"ImageObject\",\"inLanguage\":\"en-US\",\"@id\":\"https:\\\/\\\/manganoumi22.fr\\\/index.php\\\/figurines\\\/#primaryimage\",\"url\":\"https:\\\/\\\/manganoumi22.fr\\\/wp-content\\\/uploads\\\/2026\\\/03\\\/IMG_3267-scaled.jpg\",\"contentUrl\":\"https:\\\/\\\/manganoumi22.fr\\\/wp-content\\\/uploads\\\/2026\\\/03\\\/IMG_3267-scaled.jpg\",\"width\":2560,\"height\":1920},{\"@type\":\"BreadcrumbList\",\"@id\":\"https:\\\/\\\/manganoumi22.fr\\\/index.php\\\/figurines\\\/#breadcrumb\",\"itemListElement\":[{\"@type\":\"ListItem\",\"position\":1,\"name\":\"Home\",\"item\":\"http:\\\/\\\/manganoumi22.fr\\\/\"},{\"@type\":\"ListItem\",\"position\":2,\"name\":\"FIGURINES\"}]},{\"@type\":\"WebSite\",\"@id\":\"http:\\\/\\\/manganoumi22.fr\\\/#website\",\"url\":\"http:\\\/\\\/manganoumi22.fr\\\/\",\"name\":\"Manga no umi\",\"description\":\"Votre boutique manga et anim\u00e9 \u00e0 Lannion\",\"potentialAction\":[{\"@type\":\"SearchAction\",\"target\":{\"@type\":\"EntryPoint\",\"urlTemplate\":\"http:\\\/\\\/manganoumi22.fr\\\/?s={search_term_string}\"},\"query-input\":{\"@type\":\"PropertyValueSpecification\",\"valueRequired\":true,\"valueName\":\"search_term_string\"}}],\"inLanguage\":\"en-US\"}]}<\/script>\n<!-- \/ Yoast SEO plugin. -->","yoast_head_json":{"title":"FIGURINES - Manga no umi","description":"D\u00e9coration ou collection, rassemblez toutes les figurines \u2028de vos mangas et anim\u00e9s pr\u00e9f\u00e9r\u00e9s chez vous ! Une nouvelle histoire...","robots":{"index":"index","follow":"follow","max-snippet":"max-snippet:-1","max-image-preview":"max-image-preview:large","max-video-preview":"max-video-preview:-1"},"canonical":"https:\/\/manganoumi22.fr\/index.php\/figurines\/","og_locale":"en_US","og_type":"article","og_title":"FIGURINES - Manga no umi","og_description":"D\u00e9coration ou collection, rassemblez toutes les figurines \u2028de vos mangas et anim\u00e9s pr\u00e9f\u00e9r\u00e9s chez vous ! Une nouvelle histoire...","og_url":"https:\/\/manganoumi22.fr\/index.php\/figurines\/","og_site_name":"Manga no umi","article_modified_time":"2026-03-31T13:33:08+00:00","og_image":[{"url":"https:\/\/manganoumi22.fr\/wp-content\/uploads\/2026\/03\/IMG_3267-1024x768.jpg","type":"","width":"","height":""}],"twitter_card":"summary_large_image","twitter_misc":{"Est. reading time":"2 minutes"},"schema":{"@context":"https:\/\/schema.org","@graph":[{"@type":"WebPage","@id":"https:\/\/manganoumi22.fr\/index.php\/figurines\/","url":"https:\/\/manganoumi22.fr\/index.php\/figurines\/","name":"FIGURINES - Manga no umi","isPartOf":{"@id":"http:\/\/manganoumi22.fr\/#website"},"primaryImageOfPage":{"@id":"https:\/\/manganoumi22.fr\/index.php\/figurines\/#primaryimage"},"image":{"@id":"https:\/\/manganoumi22.fr\/index.php\/figurines\/#primaryimage"},"thumbnailUrl":"https:\/\/manganoumi22.fr\/wp-content\/uploads\/2026\/03\/IMG_3267-1024x768.jpg","datePublished":"2026-03-31T11:43:30+00:00","dateModified":"2026-03-31T13:33:08+00:00","description":"D\u00e9coration ou collection, rassemblez toutes les figurines \u2028de vos mangas et anim\u00e9s pr\u00e9f\u00e9r\u00e9s chez vous ! Une nouvelle histoire...","breadcrumb":{"@id":"https:\/\/manganoumi22.fr\/index.php\/figurines\/#breadcrumb"},"inLanguage":"en-US","potentialAction":[{"@type":"ReadAction","target":["https:\/\/manganoumi22.fr\/index.php\/figurines\/"]}]},{"@type":"ImageObject","inLanguage":"en-US","@id":"https:\/\/manganoumi22.fr\/index.php\/figurines\/#primaryimage","url":"https:\/\/manganoumi22.fr\/wp-content\/uploads\/2026\/03\/IMG_3267-scaled.jpg","contentUrl":"https:\/\/manganoumi22.fr\/wp-content\/uploads\/2026\/03\/IMG_3267-scaled.jpg","width":2560,"height":1920},{"@type":"BreadcrumbList","@id":"https:\/\/manganoumi22.fr\/index.php\/figurines\/#breadcrumb","itemListElement":[{"@type":"ListItem","position":1,"name":"Home","item":"http:\/\/manganoumi22.fr\/"},{"@type":"ListItem","position":2,"name":"FIGURINES"}]},{"@type":"WebSite","@id":"http:\/\/manganoumi22.fr\/#website","url":"http:\/\/manganoumi22.fr\/","name":"Manga no umi","description":"Votre boutique manga et anim\u00e9 \u00e0 Lannion","potentialAction":[{"@type":"SearchAction","target":{"@type":"EntryPoint","urlTemplate":"http:\/\/manganoumi22.fr\/?s={search_term_string}"},"query-input":{"@type":"PropertyValueSpecification","valueRequired":true,"valueName":"search_term_string"}}],"inLanguage":"en-US"}]}},"_links":{"self":[{"href":"https:\/\/manganoumi22.fr\/index.php\/wp-json\/wp\/v2\/pages\/318","targetHints":{"allow":["GET"]}}],"collection":[{"href":"https:\/\/manganoumi22.fr\/index.php\/wp-json\/wp\/v2\/pages"}],"about":[{"href":"https:\/\/manganoumi22.fr\/index.php\/wp-json\/wp\/v2\/types\/page"}],"author":[{"embeddable":true,"href":"https:\/\/manganoumi22.fr\/index.php\/wp-json\/wp\/v2\/users\/1"}],"replies":[{"embeddable":true,"href":"https:\/\/manganoumi22.fr\/index.php\/wp-json\/wp\/v2\/comments?post=318"}],"version-history":[{"count":15,"href":"https:\/\/manganoumi22.fr\/index.php\/wp-json\/wp\/v2\/pages\/318\/revisions"}],"predecessor-version":[{"id":761,"href":"https:\/\/manganoumi22.fr\/index.php\/wp-json\/wp\/v2\/pages\/318\/revisions\/761"}],"wp:attachment":[{"href":"https:\/\/manganoumi22.fr\/index.php\/wp-json\/wp\/v2\/media?parent=318"}],"curies":[{"name":"wp","href":"https:\/\/api.w.org\/{rel}","templated":true}]}}