{"id":342,"date":"2026-03-31T11:43:49","date_gmt":"2026-03-31T11:43:49","guid":{"rendered":"https:\/\/manganoumi22.fr\/?page_id=342"},"modified":"2026-03-31T13:07:36","modified_gmt":"2026-03-31T13:07:36","slug":"galerie","status":"publish","type":"page","link":"https:\/\/manganoumi22.fr\/index.php\/galerie\/","title":{"rendered":"GALERIE"},"content":{"rendered":"\n<div class=\"wp-block-cover alignfull\" style=\"margin-bottom:var(--wp--preset--spacing--70);min-height:575px;aspect-ratio:unset;\"><img loading=\"lazy\" decoding=\"async\" width=\"1440\" height=\"1800\" class=\"wp-block-cover__image-background wp-image-631 size-full\" alt=\"\" src=\"http:\/\/manganoumi22.fr\/wp-content\/uploads\/2026\/03\/7.png\" data-object-fit=\"cover\" srcset=\"https:\/\/manganoumi22.fr\/wp-content\/uploads\/2026\/03\/7.png 1440w, https:\/\/manganoumi22.fr\/wp-content\/uploads\/2026\/03\/7-240x300.png 240w, https:\/\/manganoumi22.fr\/wp-content\/uploads\/2026\/03\/7-819x1024.png 819w, https:\/\/manganoumi22.fr\/wp-content\/uploads\/2026\/03\/7-768x960.png 768w, https:\/\/manganoumi22.fr\/wp-content\/uploads\/2026\/03\/7-1229x1536.png 1229w\" sizes=\"auto, (max-width: 1440px) 100vw, 1440px\" \/><span aria-hidden=\"true\" class=\"wp-block-cover__background has-background-dim-40 has-background-dim\" style=\"background-color:#000000\"><\/span><div class=\"wp-block-cover__inner-container is-layout-flow wp-block-cover-is-layout-flow\">\n<h2 class=\"wp-block-heading has-text-align-center alignwide has-white-color has-text-color\" style=\"font-size:5.8em;line-height:1.1\">GALERIE<\/h2>\n\n\n\n<div class=\"wp-block-columns alignwide is-layout-flex wp-container-core-columns-is-layout-28f84493 wp-block-columns-is-layout-flex\">\n<div class=\"wp-block-column is-layout-flow wp-block-column-is-layout-flow\" style=\"flex-basis:60%\"><\/div>\n<\/div>\n\n\n\n<p class=\"has-text-align-center has-text-color\" style=\"color:#ffffff;font-size:1.5em\">Sur cette page, vous d\u00e9couvrirez la boutique en images ! \u00c9v\u00e9nements, quotidien et moments partag\u00e9s, immergez-vous dans un oc\u00e9an de photos qui vous fera voyager dans notre univers.<\/p>\n<\/div><\/div>\n\n\n\n<div class=\"wp-block-group is-layout-constrained wp-block-group-is-layout-constrained\">\n<div class=\"wp-block-columns are-vertically-aligned-top is-layout-flex wp-container-core-columns-is-layout-f0342b05 wp-block-columns-is-layout-flex\" style=\"margin-top:0;margin-bottom:0\">\n<div class=\"wp-block-column is-vertically-aligned-top is-layout-flow wp-block-column-is-layout-flow\" style=\"border-style:none;border-width:0px;border-top-left-radius:0px;border-top-right-radius:0px;border-bottom-left-radius:0px;border-bottom-right-radius:0px;flex-basis:65%\">\n<figure class=\"wp-block-gallery has-nested-images columns-default is-cropped wp-block-gallery-1 is-layout-flex wp-block-gallery-is-layout-flex\">\n<figure class=\"wp-block-image size-full\" style=\"margin-top:0;margin-bottom:0\"><img loading=\"lazy\" decoding=\"async\" width=\"542\" height=\"361\" data-id=\"152\" src=\"https:\/\/manganoumi22.fr\/wp-content\/uploads\/2026\/03\/image-galerie.jpg\" alt=\"camille soriano boutique manga no umi\" class=\"wp-image-152\" srcset=\"https:\/\/manganoumi22.fr\/wp-content\/uploads\/2026\/03\/image-galerie.jpg 542w, https:\/\/manganoumi22.fr\/wp-content\/uploads\/2026\/03\/image-galerie-300x200.jpg 300w\" sizes=\"auto, (max-width: 542px) 100vw, 542px\" \/><\/figure>\n<\/figure>\n\n\n\n<figure class=\"wp-block-gallery has-nested-images columns-default is-cropped wp-block-gallery-2 is-layout-flex wp-block-gallery-is-layout-flex\">\n<figure class=\"wp-block-image size-full\" style=\"margin-top:0;margin-bottom:0\"><img loading=\"lazy\" decoding=\"async\" width=\"670\" height=\"885\" data-id=\"615\" src=\"https:\/\/manganoumi22.fr\/wp-content\/uploads\/2026\/03\/image.png\" alt=\"manga no umi cartes pok\u00e9mon\" class=\"wp-image-615\" srcset=\"https:\/\/manganoumi22.fr\/wp-content\/uploads\/2026\/03\/image.png 670w, https:\/\/manganoumi22.fr\/wp-content\/uploads\/2026\/03\/image-227x300.png 227w\" sizes=\"auto, (max-width: 670px) 100vw, 670px\" \/><\/figure>\n<\/figure>\n\n\n\n<figure class=\"wp-block-gallery has-nested-images columns-default is-cropped wp-block-gallery-3 is-layout-flex wp-block-gallery-is-layout-flex\" style=\"border-top-left-radius:61px;border-top-right-radius:61px;border-bottom-left-radius:61px;border-bottom-right-radius:61px\">\n<figure class=\"wp-block-image size-large\"><img loading=\"lazy\" decoding=\"async\" width=\"768\" height=\"1024\" data-id=\"624\" src=\"https:\/\/manganoumi22.fr\/wp-content\/uploads\/2026\/03\/3-768x1024.jpg\" alt=\"manga no umi figurines myst\u00e8res\" class=\"wp-image-624\" srcset=\"https:\/\/manganoumi22.fr\/wp-content\/uploads\/2026\/03\/3-768x1024.jpg 768w, https:\/\/manganoumi22.fr\/wp-content\/uploads\/2026\/03\/3-225x300.jpg 225w, https:\/\/manganoumi22.fr\/wp-content\/uploads\/2026\/03\/3-1152x1536.jpg 1152w, https:\/\/manganoumi22.fr\/wp-content\/uploads\/2026\/03\/3.jpg 1215w\" sizes=\"auto, (max-width: 768px) 100vw, 768px\" \/><\/figure>\n<\/figure>\n\n\n\n<figure class=\"wp-block-gallery has-nested-images columns-default is-cropped wp-block-gallery-4 is-layout-flex wp-block-gallery-is-layout-flex\" style=\"border-top-left-radius:61px;border-top-right-radius:61px;border-bottom-left-radius:61px;border-bottom-right-radius:61px\">\n<figure class=\"wp-block-image size-full\" style=\"margin-top:0;margin-bottom:0\"><img loading=\"lazy\" decoding=\"async\" width=\"2560\" height=\"1920\" data-id=\"626\" src=\"https:\/\/manganoumi22.fr\/wp-content\/uploads\/2026\/03\/5-scaled.jpg\" alt=\"manga no umi figurines anim\u00e9s\" class=\"wp-image-626\" srcset=\"https:\/\/manganoumi22.fr\/wp-content\/uploads\/2026\/03\/5-scaled.jpg 2560w, https:\/\/manganoumi22.fr\/wp-content\/uploads\/2026\/03\/5-300x225.jpg 300w, https:\/\/manganoumi22.fr\/wp-content\/uploads\/2026\/03\/5-1024x768.jpg 1024w, https:\/\/manganoumi22.fr\/wp-content\/uploads\/2026\/03\/5-768x576.jpg 768w, https:\/\/manganoumi22.fr\/wp-content\/uploads\/2026\/03\/5-1536x1152.jpg 1536w, https:\/\/manganoumi22.fr\/wp-content\/uploads\/2026\/03\/5-2048x1536.jpg 2048w\" sizes=\"auto, (max-width: 2560px) 100vw, 2560px\" \/><\/figure>\n<\/figure>\n\n\n\n<figure class=\"wp-block-gallery has-nested-images columns-default is-cropped wp-block-gallery-5 is-layout-flex wp-block-gallery-is-layout-flex\">\n<figure class=\"wp-block-image size-large\"><img loading=\"lazy\" decoding=\"async\" width=\"669\" height=\"889\" data-id=\"619\" src=\"https:\/\/manganoumi22.fr\/wp-content\/uploads\/2026\/03\/ghghhghh-1.png\" alt=\"manga no umi maquettes\" class=\"wp-image-619\" srcset=\"https:\/\/manganoumi22.fr\/wp-content\/uploads\/2026\/03\/ghghhghh-1.png 669w, https:\/\/manganoumi22.fr\/wp-content\/uploads\/2026\/03\/ghghhghh-1-226x300.png 226w\" sizes=\"auto, (max-width: 669px) 100vw, 669px\" \/><\/figure>\n<\/figure>\n\n\n\n<figure class=\"wp-block-gallery has-nested-images columns-default is-cropped wp-block-gallery-6 is-layout-flex wp-block-gallery-is-layout-flex\">\n<figure class=\"wp-block-image size-large\"><img loading=\"lazy\" decoding=\"async\" width=\"819\" height=\"1024\" data-id=\"631\" src=\"https:\/\/manganoumi22.fr\/wp-content\/uploads\/2026\/03\/7-819x1024.png\" alt=\"boutique Lannion manga no umi\" class=\"wp-image-631\" srcset=\"https:\/\/manganoumi22.fr\/wp-content\/uploads\/2026\/03\/7-819x1024.png 819w, https:\/\/manganoumi22.fr\/wp-content\/uploads\/2026\/03\/7-240x300.png 240w, https:\/\/manganoumi22.fr\/wp-content\/uploads\/2026\/03\/7-768x960.png 768w, https:\/\/manganoumi22.fr\/wp-content\/uploads\/2026\/03\/7-1229x1536.png 1229w, https:\/\/manganoumi22.fr\/wp-content\/uploads\/2026\/03\/7.png 1440w\" sizes=\"auto, (max-width: 819px) 100vw, 819px\" \/><\/figure>\n<\/figure>\n\n\n\n<figure class=\"wp-block-gallery has-nested-images columns-default is-cropped wp-block-gallery-7 is-layout-flex wp-block-gallery-is-layout-flex\">\n<figure class=\"wp-block-image size-large\"><img loading=\"lazy\" decoding=\"async\" width=\"819\" height=\"1024\" data-id=\"636\" src=\"https:\/\/manganoumi22.fr\/wp-content\/uploads\/2026\/03\/8-819x1024.png\" alt=\"boutique physique manga no umi Lannion\" class=\"wp-image-636\" srcset=\"https:\/\/manganoumi22.fr\/wp-content\/uploads\/2026\/03\/8-819x1024.png 819w, https:\/\/manganoumi22.fr\/wp-content\/uploads\/2026\/03\/8-240x300.png 240w, https:\/\/manganoumi22.fr\/wp-content\/uploads\/2026\/03\/8-768x960.png 768w, https:\/\/manganoumi22.fr\/wp-content\/uploads\/2026\/03\/8-1229x1536.png 1229w, https:\/\/manganoumi22.fr\/wp-content\/uploads\/2026\/03\/8.png 1440w\" sizes=\"auto, (max-width: 819px) 100vw, 819px\" \/><\/figure>\n<\/figure>\n<\/div>\n\n\n\n<div class=\"wp-block-column is-vertically-aligned-top is-layout-flow wp-block-column-is-layout-flow\" style=\"flex-basis:67%\">\n<figure class=\"wp-block-gallery has-nested-images columns-default is-cropped wp-block-gallery-8 is-layout-flex wp-block-gallery-is-layout-flex\">\n<figure class=\"wp-block-image size-full\" style=\"margin-top:0;margin-bottom:0\"><img loading=\"lazy\" decoding=\"async\" width=\"483\" height=\"363\" data-id=\"151\" src=\"https:\/\/manganoumi22.fr\/wp-content\/uploads\/2026\/03\/image-galerie-4.jpg\" alt=\"boutique Lannion manga no umi\" class=\"wp-image-151\" srcset=\"https:\/\/manganoumi22.fr\/wp-content\/uploads\/2026\/03\/image-galerie-4.jpg 483w, https:\/\/manganoumi22.fr\/wp-content\/uploads\/2026\/03\/image-galerie-4-300x225.jpg 300w\" sizes=\"auto, (max-width: 483px) 100vw, 483px\" \/><\/figure>\n<\/figure>\n\n\n\n<figure class=\"wp-block-gallery has-nested-images columns-default is-cropped wp-block-gallery-9 is-layout-flex wp-block-gallery-is-layout-flex\" style=\"border-top-left-radius:61px;border-top-right-radius:61px;border-bottom-left-radius:61px;border-bottom-right-radius:61px\">\n<figure class=\"wp-block-image size-full\" style=\"margin-top:0;margin-bottom:0\"><img loading=\"lazy\" decoding=\"async\" width=\"729\" height=\"881\" data-id=\"616\" src=\"http:\/\/manganoumi22.fr\/wp-content\/uploads\/2026\/03\/imaghgge.png\" alt=\"manga no umi boosters\" class=\"wp-image-616\" srcset=\"https:\/\/manganoumi22.fr\/wp-content\/uploads\/2026\/03\/imaghgge.png 729w, https:\/\/manganoumi22.fr\/wp-content\/uploads\/2026\/03\/imaghgge-248x300.png 248w\" sizes=\"auto, (max-width: 729px) 100vw, 729px\" \/><\/figure>\n<\/figure>\n\n\n\n<figure class=\"wp-block-gallery has-nested-images columns-default is-cropped wp-block-gallery-10 is-layout-flex wp-block-gallery-is-layout-flex\">\n<figure class=\"wp-block-image size-large\"><img loading=\"lazy\" decoding=\"async\" width=\"768\" height=\"1024\" data-id=\"627\" src=\"https:\/\/manganoumi22.fr\/wp-content\/uploads\/2026\/03\/6-768x1024.jpg\" alt=\"manga no umi figurines anim\u00e9s\" class=\"wp-image-627\" srcset=\"https:\/\/manganoumi22.fr\/wp-content\/uploads\/2026\/03\/6-768x1024.jpg 768w, https:\/\/manganoumi22.fr\/wp-content\/uploads\/2026\/03\/6-225x300.jpg 225w, https:\/\/manganoumi22.fr\/wp-content\/uploads\/2026\/03\/6-1152x1536.jpg 1152w, https:\/\/manganoumi22.fr\/wp-content\/uploads\/2026\/03\/6.jpg 1215w\" sizes=\"auto, (max-width: 768px) 100vw, 768px\" \/><\/figure>\n<\/figure>\n\n\n\n<figure class=\"wp-block-gallery has-nested-images columns-default is-cropped wp-block-gallery-11 is-layout-flex wp-block-gallery-is-layout-flex\">\n<figure class=\"wp-block-image size-large\"><img loading=\"lazy\" decoding=\"async\" width=\"1024\" height=\"768\" data-id=\"622\" src=\"https:\/\/manganoumi22.fr\/wp-content\/uploads\/2026\/03\/1-1024x768.jpg\" alt=\"manga no umi zoom cartes pok\u00e9mon\" class=\"wp-image-622\" srcset=\"https:\/\/manganoumi22.fr\/wp-content\/uploads\/2026\/03\/1-1024x768.jpg 1024w, https:\/\/manganoumi22.fr\/wp-content\/uploads\/2026\/03\/1-300x225.jpg 300w, https:\/\/manganoumi22.fr\/wp-content\/uploads\/2026\/03\/1-768x576.jpg 768w, https:\/\/manganoumi22.fr\/wp-content\/uploads\/2026\/03\/1-1536x1152.jpg 1536w, https:\/\/manganoumi22.fr\/wp-content\/uploads\/2026\/03\/1-2048x1536.jpg 2048w\" sizes=\"auto, (max-width: 1024px) 100vw, 1024px\" \/><\/figure>\n<\/figure>\n\n\n\n<figure class=\"wp-block-gallery has-nested-images columns-default is-cropped wp-block-gallery-12 is-layout-flex wp-block-gallery-is-layout-flex\" style=\"border-top-left-radius:61px;border-top-right-radius:61px;border-bottom-left-radius:61px;border-bottom-right-radius:61px\">\n<figure class=\"wp-block-image size-full\" style=\"margin-top:0;margin-bottom:0\"><img loading=\"lazy\" decoding=\"async\" width=\"2560\" height=\"1920\" data-id=\"625\" src=\"https:\/\/manganoumi22.fr\/wp-content\/uploads\/2026\/03\/4-scaled.jpg\" alt=\"manga no umi boites figurines manga myst\u00e8res\" class=\"wp-image-625\" srcset=\"https:\/\/manganoumi22.fr\/wp-content\/uploads\/2026\/03\/4-scaled.jpg 2560w, https:\/\/manganoumi22.fr\/wp-content\/uploads\/2026\/03\/4-300x225.jpg 300w, https:\/\/manganoumi22.fr\/wp-content\/uploads\/2026\/03\/4-1024x768.jpg 1024w, https:\/\/manganoumi22.fr\/wp-content\/uploads\/2026\/03\/4-768x576.jpg 768w, https:\/\/manganoumi22.fr\/wp-content\/uploads\/2026\/03\/4-1536x1152.jpg 1536w, https:\/\/manganoumi22.fr\/wp-content\/uploads\/2026\/03\/4-2048x1536.jpg 2048w\" sizes=\"auto, (max-width: 2560px) 100vw, 2560px\" \/><\/figure>\n<\/figure>\n\n\n\n<figure class=\"wp-block-gallery has-nested-images columns-default is-cropped wp-block-gallery-13 is-layout-flex wp-block-gallery-is-layout-flex\">\n<figure class=\"wp-block-image size-large\"><img loading=\"lazy\" decoding=\"async\" width=\"1024\" height=\"768\" data-id=\"623\" src=\"https:\/\/manganoumi22.fr\/wp-content\/uploads\/2026\/03\/2-1024x768.jpg\" alt=\"manga no umi cartes pok\u00e9mon rares\" class=\"wp-image-623\" srcset=\"https:\/\/manganoumi22.fr\/wp-content\/uploads\/2026\/03\/2-1024x768.jpg 1024w, https:\/\/manganoumi22.fr\/wp-content\/uploads\/2026\/03\/2-300x225.jpg 300w, https:\/\/manganoumi22.fr\/wp-content\/uploads\/2026\/03\/2-768x576.jpg 768w, https:\/\/manganoumi22.fr\/wp-content\/uploads\/2026\/03\/2-1536x1152.jpg 1536w, https:\/\/manganoumi22.fr\/wp-content\/uploads\/2026\/03\/2-2048x1536.jpg 2048w\" sizes=\"auto, (max-width: 1024px) 100vw, 1024px\" \/><\/figure>\n<\/figure>\n\n\n\n<figure class=\"wp-block-gallery has-nested-images columns-default is-cropped wp-block-gallery-14 is-layout-flex wp-block-gallery-is-layout-flex\">\n<figure class=\"wp-block-image size-large\"><img loading=\"lazy\" decoding=\"async\" width=\"819\" height=\"1024\" data-id=\"639\" src=\"https:\/\/manganoumi22.fr\/wp-content\/uploads\/2026\/03\/10-819x1024.png\" alt=\"boutique Lannion manga no umi\" class=\"wp-image-639\" srcset=\"https:\/\/manganoumi22.fr\/wp-content\/uploads\/2026\/03\/10-819x1024.png 819w, https:\/\/manganoumi22.fr\/wp-content\/uploads\/2026\/03\/10-240x300.png 240w, https:\/\/manganoumi22.fr\/wp-content\/uploads\/2026\/03\/10-768x960.png 768w, https:\/\/manganoumi22.fr\/wp-content\/uploads\/2026\/03\/10.png 1080w\" sizes=\"auto, (max-width: 819px) 100vw, 819px\" \/><\/figure>\n<\/figure>\n<\/div>\n<\/div>\n<\/div>\n\n\n\n<p><\/p>\n","protected":false},"excerpt":{"rendered":"","protected":false},"author":1,"featured_media":0,"parent":0,"menu_order":0,"comment_status":"closed","ping_status":"closed","template":"","meta":{"site-sidebar-layout":"default","site-content-layout":"","ast-site-content-layout":"default","site-content-style":"default","site-sidebar-style":"default","ast-global-header-display":"","ast-banner-title-visibility":"","ast-main-header-display":"","ast-hfb-above-header-display":"","ast-hfb-below-header-display":"","ast-hfb-mobile-header-display":"","site-post-title":"disabled","ast-breadcrumbs-content":"","ast-featured-img":"","footer-sml-layout":"","ast-disable-related-posts":"","theme-transparent-header-meta":"","adv-header-id-meta":"","stick-header-meta":"","header-above-stick-meta":"","header-main-stick-meta":"","header-below-stick-meta":"","astra-migrate-meta-layouts":"default","ast-page-background-enabled":"default","ast-page-background-meta":{"desktop":{"background-color":"var(--ast-global-color-5)","background-image":"","background-repeat":"repeat","background-position":"center center","background-size":"auto","background-attachment":"scroll","background-type":"","background-media":"","overlay-type":"","overlay-color":"","overlay-opacity":"","overlay-gradient":""},"tablet":{"background-color":"","background-image":"","background-repeat":"repeat","background-position":"center center","background-size":"auto","background-attachment":"scroll","background-type":"","background-media":"","overlay-type":"","overlay-color":"","overlay-opacity":"","overlay-gradient":""},"mobile":{"background-color":"","background-image":"","background-repeat":"repeat","background-position":"center center","background-size":"auto","background-attachment":"scroll","background-type":"","background-media":"","overlay-type":"","overlay-color":"","overlay-opacity":"","overlay-gradient":""}},"ast-content-background-meta":{"desktop":{"background-color":"var(--ast-global-color-4)","background-image":"","background-repeat":"repeat","background-position":"center center","background-size":"auto","background-attachment":"scroll","background-type":"","background-media":"","overlay-type":"","overlay-color":"","overlay-opacity":"","overlay-gradient":""},"tablet":{"background-color":"var(--ast-global-color-4)","background-image":"","background-repeat":"repeat","background-position":"center center","background-size":"auto","background-attachment":"scroll","background-type":"","background-media":"","overlay-type":"","overlay-color":"","overlay-opacity":"","overlay-gradient":""},"mobile":{"background-color":"var(--ast-global-color-4)","background-image":"","background-repeat":"repeat","background-position":"center center","background-size":"auto","background-attachment":"scroll","background-type":"","background-media":"","overlay-type":"","overlay-color":"","overlay-opacity":"","overlay-gradient":""}},"footnotes":""},"class_list":["post-342","page","type-page","status-publish","hentry"],"yoast_head":"<!-- This site is optimized with the Yoast SEO plugin v27.3 - https:\/\/yoast.com\/product\/yoast-seo-wordpress\/ -->\n<title>GALERIE - Manga no umi<\/title>\n<meta name=\"description\" content=\"Sur cette page, vous d\u00e9couvrirez la boutique en images ! \u00c9v\u00e9nements, quotidien et moments partag\u00e9s, immergez-vous dans un oc\u00e9an de photos...\" \/>\n<meta name=\"robots\" content=\"index, follow, max-snippet:-1, max-image-preview:large, max-video-preview:-1\" \/>\n<link rel=\"canonical\" href=\"https:\/\/manganoumi22.fr\/index.php\/galerie\/\" \/>\n<meta property=\"og:locale\" content=\"en_US\" \/>\n<meta property=\"og:type\" content=\"article\" \/>\n<meta property=\"og:title\" content=\"GALERIE - Manga no umi\" \/>\n<meta property=\"og:description\" content=\"Sur cette page, vous d\u00e9couvrirez la boutique en images ! \u00c9v\u00e9nements, quotidien et moments partag\u00e9s, immergez-vous dans un oc\u00e9an de photos...\" \/>\n<meta property=\"og:url\" content=\"https:\/\/manganoumi22.fr\/index.php\/galerie\/\" \/>\n<meta property=\"og:site_name\" content=\"Manga no umi\" \/>\n<meta property=\"article:modified_time\" content=\"2026-03-31T13:07:36+00:00\" \/>\n<meta property=\"og:image\" content=\"http:\/\/manganoumi22.fr\/wp-content\/uploads\/2026\/03\/7.png\" \/>\n<meta name=\"twitter:card\" content=\"summary_large_image\" \/>\n<meta name=\"twitter:label1\" content=\"Est. reading time\" \/>\n\t<meta name=\"twitter:data1\" content=\"4 minutes\" \/>\n<script type=\"application\/ld+json\" class=\"yoast-schema-graph\">{\"@context\":\"https:\\\/\\\/schema.org\",\"@graph\":[{\"@type\":\"WebPage\",\"@id\":\"https:\\\/\\\/manganoumi22.fr\\\/index.php\\\/galerie\\\/\",\"url\":\"https:\\\/\\\/manganoumi22.fr\\\/index.php\\\/galerie\\\/\",\"name\":\"GALERIE - Manga no umi\",\"isPartOf\":{\"@id\":\"http:\\\/\\\/manganoumi22.fr\\\/#website\"},\"primaryImageOfPage\":{\"@id\":\"https:\\\/\\\/manganoumi22.fr\\\/index.php\\\/galerie\\\/#primaryimage\"},\"image\":{\"@id\":\"https:\\\/\\\/manganoumi22.fr\\\/index.php\\\/galerie\\\/#primaryimage\"},\"thumbnailUrl\":\"http:\\\/\\\/manganoumi22.fr\\\/wp-content\\\/uploads\\\/2026\\\/03\\\/7.png\",\"datePublished\":\"2026-03-31T11:43:49+00:00\",\"dateModified\":\"2026-03-31T13:07:36+00:00\",\"description\":\"Sur cette page, vous d\u00e9couvrirez la boutique en images ! \u00c9v\u00e9nements, quotidien et moments partag\u00e9s, immergez-vous dans un oc\u00e9an de photos...\",\"breadcrumb\":{\"@id\":\"https:\\\/\\\/manganoumi22.fr\\\/index.php\\\/galerie\\\/#breadcrumb\"},\"inLanguage\":\"en-US\",\"potentialAction\":[{\"@type\":\"ReadAction\",\"target\":[\"https:\\\/\\\/manganoumi22.fr\\\/index.php\\\/galerie\\\/\"]}]},{\"@type\":\"ImageObject\",\"inLanguage\":\"en-US\",\"@id\":\"https:\\\/\\\/manganoumi22.fr\\\/index.php\\\/galerie\\\/#primaryimage\",\"url\":\"https:\\\/\\\/manganoumi22.fr\\\/wp-content\\\/uploads\\\/2026\\\/03\\\/7.png\",\"contentUrl\":\"https:\\\/\\\/manganoumi22.fr\\\/wp-content\\\/uploads\\\/2026\\\/03\\\/7.png\",\"width\":1440,\"height\":1800},{\"@type\":\"BreadcrumbList\",\"@id\":\"https:\\\/\\\/manganoumi22.fr\\\/index.php\\\/galerie\\\/#breadcrumb\",\"itemListElement\":[{\"@type\":\"ListItem\",\"position\":1,\"name\":\"Home\",\"item\":\"http:\\\/\\\/manganoumi22.fr\\\/\"},{\"@type\":\"ListItem\",\"position\":2,\"name\":\"GALERIE\"}]},{\"@type\":\"WebSite\",\"@id\":\"http:\\\/\\\/manganoumi22.fr\\\/#website\",\"url\":\"http:\\\/\\\/manganoumi22.fr\\\/\",\"name\":\"Manga no umi\",\"description\":\"Votre boutique manga et anim\u00e9 \u00e0 Lannion\",\"potentialAction\":[{\"@type\":\"SearchAction\",\"target\":{\"@type\":\"EntryPoint\",\"urlTemplate\":\"http:\\\/\\\/manganoumi22.fr\\\/?s={search_term_string}\"},\"query-input\":{\"@type\":\"PropertyValueSpecification\",\"valueRequired\":true,\"valueName\":\"search_term_string\"}}],\"inLanguage\":\"en-US\"}]}<\/script>\n<!-- \/ Yoast SEO plugin. -->","yoast_head_json":{"title":"GALERIE - Manga no umi","description":"Sur cette page, vous d\u00e9couvrirez la boutique en images ! \u00c9v\u00e9nements, quotidien et moments partag\u00e9s, immergez-vous dans un oc\u00e9an de photos...","robots":{"index":"index","follow":"follow","max-snippet":"max-snippet:-1","max-image-preview":"max-image-preview:large","max-video-preview":"max-video-preview:-1"},"canonical":"https:\/\/manganoumi22.fr\/index.php\/galerie\/","og_locale":"en_US","og_type":"article","og_title":"GALERIE - Manga no umi","og_description":"Sur cette page, vous d\u00e9couvrirez la boutique en images ! \u00c9v\u00e9nements, quotidien et moments partag\u00e9s, immergez-vous dans un oc\u00e9an de photos...","og_url":"https:\/\/manganoumi22.fr\/index.php\/galerie\/","og_site_name":"Manga no umi","article_modified_time":"2026-03-31T13:07:36+00:00","og_image":[{"url":"http:\/\/manganoumi22.fr\/wp-content\/uploads\/2026\/03\/7.png","type":"","width":"","height":""}],"twitter_card":"summary_large_image","twitter_misc":{"Est. reading time":"4 minutes"},"schema":{"@context":"https:\/\/schema.org","@graph":[{"@type":"WebPage","@id":"https:\/\/manganoumi22.fr\/index.php\/galerie\/","url":"https:\/\/manganoumi22.fr\/index.php\/galerie\/","name":"GALERIE - Manga no umi","isPartOf":{"@id":"http:\/\/manganoumi22.fr\/#website"},"primaryImageOfPage":{"@id":"https:\/\/manganoumi22.fr\/index.php\/galerie\/#primaryimage"},"image":{"@id":"https:\/\/manganoumi22.fr\/index.php\/galerie\/#primaryimage"},"thumbnailUrl":"http:\/\/manganoumi22.fr\/wp-content\/uploads\/2026\/03\/7.png","datePublished":"2026-03-31T11:43:49+00:00","dateModified":"2026-03-31T13:07:36+00:00","description":"Sur cette page, vous d\u00e9couvrirez la boutique en images ! \u00c9v\u00e9nements, quotidien et moments partag\u00e9s, immergez-vous dans un oc\u00e9an de photos...","breadcrumb":{"@id":"https:\/\/manganoumi22.fr\/index.php\/galerie\/#breadcrumb"},"inLanguage":"en-US","potentialAction":[{"@type":"ReadAction","target":["https:\/\/manganoumi22.fr\/index.php\/galerie\/"]}]},{"@type":"ImageObject","inLanguage":"en-US","@id":"https:\/\/manganoumi22.fr\/index.php\/galerie\/#primaryimage","url":"https:\/\/manganoumi22.fr\/wp-content\/uploads\/2026\/03\/7.png","contentUrl":"https:\/\/manganoumi22.fr\/wp-content\/uploads\/2026\/03\/7.png","width":1440,"height":1800},{"@type":"BreadcrumbList","@id":"https:\/\/manganoumi22.fr\/index.php\/galerie\/#breadcrumb","itemListElement":[{"@type":"ListItem","position":1,"name":"Home","item":"http:\/\/manganoumi22.fr\/"},{"@type":"ListItem","position":2,"name":"GALERIE"}]},{"@type":"WebSite","@id":"http:\/\/manganoumi22.fr\/#website","url":"http:\/\/manganoumi22.fr\/","name":"Manga no umi","description":"Votre boutique manga et anim\u00e9 \u00e0 Lannion","potentialAction":[{"@type":"SearchAction","target":{"@type":"EntryPoint","urlTemplate":"http:\/\/manganoumi22.fr\/?s={search_term_string}"},"query-input":{"@type":"PropertyValueSpecification","valueRequired":true,"valueName":"search_term_string"}}],"inLanguage":"en-US"}]}},"_links":{"self":[{"href":"https:\/\/manganoumi22.fr\/index.php\/wp-json\/wp\/v2\/pages\/342","targetHints":{"allow":["GET"]}}],"collection":[{"href":"https:\/\/manganoumi22.fr\/index.php\/wp-json\/wp\/v2\/pages"}],"about":[{"href":"https:\/\/manganoumi22.fr\/index.php\/wp-json\/wp\/v2\/types\/page"}],"author":[{"embeddable":true,"href":"https:\/\/manganoumi22.fr\/index.php\/wp-json\/wp\/v2\/users\/1"}],"replies":[{"embeddable":true,"href":"https:\/\/manganoumi22.fr\/index.php\/wp-json\/wp\/v2\/comments?post=342"}],"version-history":[{"count":13,"href":"https:\/\/manganoumi22.fr\/index.php\/wp-json\/wp\/v2\/pages\/342\/revisions"}],"predecessor-version":[{"id":744,"href":"https:\/\/manganoumi22.fr\/index.php\/wp-json\/wp\/v2\/pages\/342\/revisions\/744"}],"wp:attachment":[{"href":"https:\/\/manganoumi22.fr\/index.php\/wp-json\/wp\/v2\/media?parent=342"}],"curies":[{"name":"wp","href":"https:\/\/api.w.org\/{rel}","templated":true}]}}